{"id":948,"date":"2024-10-23T08:47:59","date_gmt":"2024-10-23T08:47:59","guid":{"rendered":"https:\/\/taxeon.pl\/wiedza\/?page_id=948"},"modified":"2025-01-17T11:51:32","modified_gmt":"2025-01-17T11:51:32","slug":"wakacje-od-zus","status":"publish","type":"page","link":"https:\/\/taxeon.pl\/wiedza\/wakacje-od-zus\/","title":{"rendered":"Wakacje od ZUS"},"content":{"rendered":"\n<figure class=\"wp-block-embed is-type-video is-provider-youtube wp-block-embed-youtube wp-embed-aspect-16-9 wp-has-aspect-ratio\"><div class=\"wp-block-embed__wrapper\">\n<iframe loading=\"lazy\" title=\"Wakacje sk\u0142adkowe 2025. Z\u0142\u00f3\u017c wniosek RWS za stycze\u0144!\" width=\"640\" height=\"360\" src=\"https:\/\/www.youtube.com\/embed\/eC00VRacUGI?feature=oembed\" frameborder=\"0\" allow=\"accelerometer; autoplay; clipboard-write; encrypted-media; gyroscope; picture-in-picture; web-share\" referrerpolicy=\"strict-origin-when-cross-origin\" allowfullscreen><\/iframe>\n<\/div><figcaption class=\"wp-element-caption\">Instrukcja jak wype\u0142ni\u0107 wniosek w PUE ZUS.<\/figcaption><\/figure>\n\n\n\n<ul class=\"wp-block-list\">\n<li><a href=\"https:\/\/taxeon.pl\/wiedza\/czy-wakacje-skladkowe-dotycza-takze-ubezpieczenia-chorobowego-jaki-jest-wymagany-okres-podlegania-temu-ubezpieczeniu\/\">Czy \u201ewakacje sk\u0142adkowe\u201d dotycz\u0105 tak\u017ce ubezpieczenia chorobowego? Jaki jest wymagany okres podlegania temu ubezpieczeniu?<\/a><\/li>\n\n\n\n<li><a href=\"https:\/\/taxeon.pl\/wiedza\/czy-i-w-jaki-sposob-z-wakacji-skladkowych-moga-skorzystac-osoby-ktore-oplacaja-skladki-zus-od-zadeklarowanej-podstawy-wymiaru-wyzszej-niz-najnizsza-je-obowiazujaca\/\">Czy i w<\/a><a href=\"https:\/\/taxeon.pl\/wiedza\/czy-i-w-jaki-sposob-z-wakacji-skladkowych-moga-skorzystac-osoby-ktore-oplacaja-skladki-zus-od-zadeklarowanej-podstaw\" data-type=\"link\" data-id=\"https:\/\/taxeon.pl\/wiedza\/czy-i-w-jaki-sposob-z-wakacji-skladkowych-moga-skorzystac-osoby-ktore-oplacaja-skladki-zus-od-zadeklarowanej-podstaw\"> jaki spos\u00f3b z \u201ewakacji sk\u0142adkowych\u201d mog\u0105 skorzysta\u0107 osoby, kt\u00f3re op\u0142acaj\u0105 sk\u0142adki ZUS od zadeklarowanej podstawy wymiaru wy\u017cszej ni\u017c najni\u017csza je obowi\u0105zuj\u0105ca?<\/a><\/li>\n\n\n\n<li><a href=\"https:\/\/taxeon.pl\/wiedza\/czy-jesli-platnik-ma-zawieszona-dzialalnosc-w-pazdzierniku-2024-i-w-listopadzie-2024-moze-skorzystac-z-wakacji-skladkowych\/\">Czy je\u015bli p\u0142atnik ma zawieszon\u0105 dzia\u0142alno\u015b\u0107 w pa\u017adzierniku 2024 i w listopadzie 2024 mo\u017ce skorzysta\u0107 z wakacji sk\u0142adkowych?<\/a><\/li>\n\n\n\n<li><a href=\"https:\/\/taxeon.pl\/wiedza\/czy-jesli-platnik-nie-prowadzi-dzialalnosci-w-listopadzie-np-zawieszenie-dzialalnosci-w-okresie-1-30-11-2024-moze-zlozyc-wniosek-o-zwolnienie\/\">Czy je\u015bli p\u0142atnik nie prowadzi dzia\u0142alno\u015bci w listopadzie (np. zawieszenie dzia\u0142alno\u015bci w okresie 1-30.11.2024) mo\u017ce z\u0142o\u017cy\u0107 wniosek o zwolnienie (wakacje od ZUS)?<\/a><\/li>\n\n\n\n<li><a href=\"https:\/\/taxeon.pl\/wiedza\/czy-platnik-ktory-ma-zadluzenie-w-zus-moze-skorzystac-z-wakacji-skladkowych\/\">Czy p\u0142atnik, kt\u00f3ry ma zad\u0142u\u017cenie w ZUS mo\u017ce skorzysta\u0107 z wakacji sk\u0142adkowych?<\/a><\/li>\n\n\n\n<li><a href=\"https:\/\/taxeon.pl\/wiedza\/czy-w-sytuacji-gdy-w-miesiacu-korzystania-z-wakacji-skladkowych-platnik-ma-prawo-do-proporcjonalnego-pomniejszenia-skladek-czy-zwolnienie-za-ten-miesiac-przysluguje\/\">Czy w sytuacji gdy w miesi\u0105cu korzystania z wakacji sk\u0142adkowych p\u0142atnik ma prawo do proporcjonalnego pomniejszenia sk\u0142adek? <\/a><\/li>\n\n\n\n<li><a href=\"https:\/\/taxeon.pl\/wiedza\/czy-z-wakacji-skladkowych-moze-skorzystac-osoba-rozliczajaca-sie-w-ramach-malego-zus-plus\/\">Czy z \u201ewakacji sk\u0142adkowych\u201d mo\u017ce skorzysta\u0107 osoba rozliczaj\u0105ca si\u0119 w ramach ma\u0142ego ZUS plus?<\/a><\/li>\n\n\n\n<li><a href=\"https:\/\/taxeon.pl\/wiedza\/czy-zwolnienie-ze-skladek-zus-w-okresie-wakacji-skladkowych-obejmuje-takze-fundusz-pracy\/\">Czy zwolnienie ze sk\u0142adek ZUS w okresie \u201ewakacji sk\u0142adkowych\u201d obejmuje tak\u017ce Fundusz Pracy?<\/a><\/li>\n\n\n\n<li><a href=\"https:\/\/taxeon.pl\/wiedza\/jak-rozliczyc-uwzglednic-wakacje-skladkowe-w-rozliczeniu-i-deklaracji-do-zus\/\">Jak rozliczy\u0107 uwzgl\u0119dni\u0107 wakacje sk\u0142adkowe w rozliczeniu i deklaracji do ZUS<\/a><\/li>\n\n\n\n<li><a href=\"https:\/\/taxeon.pl\/wiedza\/wakacje-od-zus-wakacje-skladkowe-jak-uwzglednic-zwolnienie-w-aplikacji\/\">Wakacje sk\u0142adkowe &#8211; ustawienie w programie<\/a><\/li>\n\n\n\n<li><a href=\"https:\/\/taxeon.pl\/wiedza\/wakacje-skladkowe-warunki-skorzystania-z-wakacji-od-zus\/\">Wakacje sk\u0142adkowe \u2013 warunki skorzystania z wakacji od ZUS<\/a><\/li>\n\n\n\n<li><a href=\"https:\/\/taxeon.pl\/wiedza\/wakacje-skladkowe-zwolnienie-z-oplacania-skladek-zus\/\">Wakacje sk\u0142adkowe \u2013 zwolnienie z op\u0142acania sk\u0142adek ZUS<\/a><\/li>\n\n\n\n<li><a href=\"https:\/\/taxeon.pl\/wiedza\/wniosek-rws-wakacje-od-zus\/\">Wniosek RWS \u2013 wakacje od ZUS<\/a><\/li>\n<\/ul>\n","protected":false},"excerpt":{"rendered":"","protected":false},"author":2,"featured_media":0,"parent":0,"menu_order":0,"comment_status":"closed","ping_status":"closed","template":"","meta":{"_acf_changed":false,"footnotes":""},"class_list":["post-948","page","type-page","status-publish","hentry"],"acf":[],"_links":{"self":[{"href":"https:\/\/taxeon.pl\/wiedza\/wp-json\/wp\/v2\/pages\/948","targetHints":{"allow":["GET"]}}],"collection":[{"href":"https:\/\/taxeon.pl\/wiedza\/wp-json\/wp\/v2\/pages"}],"about":[{"href":"https:\/\/taxeon.pl\/wiedza\/wp-json\/wp\/v2\/types\/page"}],"author":[{"embeddable":true,"href":"https:\/\/taxeon.pl\/wiedza\/wp-json\/wp\/v2\/users\/2"}],"replies":[{"embeddable":true,"href":"https:\/\/taxeon.pl\/wiedza\/wp-json\/wp\/v2\/comments?post=948"}],"version-history":[{"count":13,"href":"https:\/\/taxeon.pl\/wiedza\/wp-json\/wp\/v2\/pages\/948\/revisions"}],"predecessor-version":[{"id":1052,"href":"https:\/\/taxeon.pl\/wiedza\/wp-json\/wp\/v2\/pages\/948\/revisions\/1052"}],"wp:attachment":[{"href":"https:\/\/taxeon.pl\/wiedza\/wp-json\/wp\/v2\/media?parent=948"}],"curies":[{"name":"wp","href":"https:\/\/api.w.org\/{rel}","templated":true}]}}