{"id":838,"date":"2024-07-08T12:56:22","date_gmt":"2024-07-08T12:56:22","guid":{"rendered":"https:\/\/taxeon.pl\/wiedza\/?page_id=838"},"modified":"2025-11-26T13:54:22","modified_gmt":"2025-11-26T13:54:22","slug":"wzory-dokumentow","status":"publish","type":"page","link":"https:\/\/taxeon.pl\/wiedza\/wzory-dokumentow\/","title":{"rendered":"Wzory dokument\u00f3w"},"content":{"rendered":"\n<ul class=\"wp-block-list\">\n<li><a href=\"https:\/\/taxeon.pl\/wiedza\/wp-content\/uploads\/2024\/07\/Czynny_zal_wzor.docx\">Czynny \u017cal &#8211; pobierz wz\u00f3r<\/a><\/li>\n\n\n\n<li><a href=\"https:\/\/taxeon.pl\/wiedza\/dzienna-ewidencja-sprzedazy-wzor\/\">Dzienna ewidencja sprzeda\u017cy &#8211; pobierz wz\u00f3r<\/a><\/li>\n\n\n\n<li><a href=\"https:\/\/taxeon.pl\/wiedza\/podroz-sluzbowa-przedsiebiorcy-druk-delegacji\/\">Podr\u00f3\u017c s\u0142u\u017cbowa przedsi\u0119biorcy &#8211; druk delegacji<\/a><\/li>\n\n\n\n<li><a href=\"https:\/\/taxeon.pl\/wiedza\/oswiadczenie-o-przekazaniu-pojazdu-do-majatku-firmy\/\">O\u015bwiadczenie o przekazaniu pojazdu do maj\u0105tku firmy &#8211; pobierz wz\u00f3r<\/a><\/li>\n\n\n\n<li><a href=\"https:\/\/taxeon.pl\/wiedza\/wp-content\/uploads\/2025\/11\/Oswiadczenie-dzialalnosc-w-mieszkaniu.docx\">O\u015bwiadczenie &#8211; dzia\u0142alno\u015b\u0107 w mieszkaniu &#8211; pobierz wz\u00f3r<\/a><\/li>\n<\/ul>\n\n\n\n<p><\/p>\n","protected":false},"excerpt":{"rendered":"","protected":false},"author":2,"featured_media":0,"parent":0,"menu_order":0,"comment_status":"closed","ping_status":"closed","template":"","meta":{"_acf_changed":false,"footnotes":""},"class_list":["post-838","page","type-page","status-publish","hentry"],"acf":[],"_links":{"self":[{"href":"https:\/\/taxeon.pl\/wiedza\/wp-json\/wp\/v2\/pages\/838","targetHints":{"allow":["GET"]}}],"collection":[{"href":"https:\/\/taxeon.pl\/wiedza\/wp-json\/wp\/v2\/pages"}],"about":[{"href":"https:\/\/taxeon.pl\/wiedza\/wp-json\/wp\/v2\/types\/page"}],"author":[{"embeddable":true,"href":"https:\/\/taxeon.pl\/wiedza\/wp-json\/wp\/v2\/users\/2"}],"replies":[{"embeddable":true,"href":"https:\/\/taxeon.pl\/wiedza\/wp-json\/wp\/v2\/comments?post=838"}],"version-history":[{"count":7,"href":"https:\/\/taxeon.pl\/wiedza\/wp-json\/wp\/v2\/pages\/838\/revisions"}],"predecessor-version":[{"id":1214,"href":"https:\/\/taxeon.pl\/wiedza\/wp-json\/wp\/v2\/pages\/838\/revisions\/1214"}],"wp:attachment":[{"href":"https:\/\/taxeon.pl\/wiedza\/wp-json\/wp\/v2\/media?parent=838"}],"curies":[{"name":"wp","href":"https:\/\/api.w.org\/{rel}","templated":true}]}}