{"id":535,"date":"2024-05-15T13:24:01","date_gmt":"2024-05-15T13:24:01","guid":{"rendered":"https:\/\/taxeon.pl\/wiedza\/?page_id=535"},"modified":"2024-05-15T13:24:01","modified_gmt":"2024-05-15T13:24:01","slug":"skladki-zus-i-zus-dra","status":"publish","type":"page","link":"https:\/\/taxeon.pl\/wiedza\/skladki-zus-i-zus-dra\/","title":{"rendered":"Sk\u0142adki ZUS i ZUS DRA"},"content":{"rendered":"\n<ul class=\"list-post-category\"><li><a data-post-type=\"post\" class=\"link-post\" href=\"https:\/\/taxeon.pl\/wiedza\/czy-wakacje-skladkowe-dotycza-takze-ubezpieczenia-chorobowego-jaki-jest-wymagany-okres-podlegania-temu-ubezpieczeniu\/\" data-id=\"933\">Czy \u201ewakacje sk\u0142adkowe\u201d dotycz\u0105 tak\u017ce ubezpieczenia chorobowego? Jaki jest wymagany okres podlegania temu ubezpieczeniu?<\/a><\/li><li><a data-post-type=\"post\" class=\"link-post\" href=\"https:\/\/taxeon.pl\/wiedza\/czy-i-w-jaki-sposob-z-wakacji-skladkowych-moga-skorzystac-osoby-ktore-oplacaja-skladki-zus-od-zadeklarowanej-podstawy-wymiaru-wyzszej-niz-najnizsza-je-obowiazujaca\/\" data-id=\"935\">Czy i w jaki spos\u00f3b z \u201ewakacji sk\u0142adkowych\u201d mog\u0105 skorzysta\u0107 osoby, kt\u00f3re op\u0142acaj\u0105 sk\u0142adki ZUS od zadeklarowanej podstawy wymiaru wy\u017cszej ni\u017c najni\u017csza je obowi\u0105zuj\u0105ca?<\/a><\/li><li><a data-post-type=\"post\" class=\"link-post\" href=\"https:\/\/taxeon.pl\/wiedza\/czy-jesli-platnik-ma-zawieszona-dzialalnosc-w-pazdzierniku-2024-i-w-listopadzie-2024-moze-skorzystac-z-wakacji-skladkowych\/\" data-id=\"929\">Czy je\u015bli p\u0142atnik ma zawieszon\u0105 dzia\u0142alno\u015b\u0107 w pa\u017adzierniku 2024 i w listopadzie 2024 mo\u017ce skorzysta\u0107 z wakacji sk\u0142adkowych?<\/a><\/li><li><a data-post-type=\"post\" class=\"link-post\" href=\"https:\/\/taxeon.pl\/wiedza\/czy-jesli-platnik-nie-prowadzi-dzialalnosci-w-listopadzie-np-zawieszenie-dzialalnosci-w-okresie-1-30-11-2024-moze-zlozyc-wniosek-o-zwolnienie\/\" data-id=\"925\">Czy je\u015bli p\u0142atnik nie prowadzi dzia\u0142alno\u015bci w listopadzie (np. zawieszenie dzia\u0142alno\u015bci w okresie 1-30.11.2024) mo\u017ce z\u0142o\u017cy\u0107 wniosek o zwolnienie (wakacje od ZUS)?<\/a><\/li><li><a data-post-type=\"post\" class=\"link-post\" href=\"https:\/\/taxeon.pl\/wiedza\/czy-musze-wyslac-deklaracje-zus-dra-za-okresy-w-ktorych-przebywam-na-zwolnieniu-lekarskim\/\" data-id=\"261\">Czy musz\u0119 wys\u0142a\u0107 deklaracj\u0119 ZUS DRA za okresy, w kt\u00f3rych przebywam na zwolnieniu lekarskim?<\/a><\/li><li><a data-post-type=\"post\" class=\"link-post\" href=\"https:\/\/taxeon.pl\/wiedza\/czy-platnik-ktory-ma-zadluzenie-w-zus-moze-skorzystac-z-wakacji-skladkowych\/\" data-id=\"919\">Czy p\u0142atnik, kt\u00f3ry ma zad\u0142u\u017cenie w ZUS mo\u017ce skorzysta\u0107 z wakacji sk\u0142adkowych?<\/a><\/li><li><a data-post-type=\"post\" class=\"link-post\" href=\"https:\/\/taxeon.pl\/wiedza\/czy-skladki-na-fundusz-pracy-sa-obowiazkowe\/\" data-id=\"143\">Czy sk\u0142adki na Fundusz Pracy s\u0105 obowi\u0105zkowe?<\/a><\/li><li><a data-post-type=\"post\" class=\"link-post\" href=\"https:\/\/taxeon.pl\/wiedza\/czy-w-sytuacji-gdy-w-miesiacu-korzystania-z-wakacji-skladkowych-platnik-ma-prawo-do-proporcjonalnego-pomniejszenia-skladek-czy-zwolnienie-za-ten-miesiac-przysluguje\/\" data-id=\"921\">Czy w sytuacji gdy w miesi\u0105cu korzystania z wakacji sk\u0142adkowych p\u0142atnik ma prawo do proporcjonalnego pomniejszenia sk\u0142adek? Czy zwolnienie za ten miesi\u0105c przys\u0142uguje?<\/a><\/li><li><a data-post-type=\"post\" class=\"link-post\" href=\"https:\/\/taxeon.pl\/wiedza\/czy-z-wakacji-skladkowych-moze-skorzystac-osoba-rozliczajaca-sie-w-ramach-malego-zus-plus\/\" data-id=\"927\">Czy z \u201ewakacji sk\u0142adkowych&#8221; mo\u017ce skorzysta\u0107 osoba rozliczaj\u0105ca si\u0119 w ramach ma\u0142ego ZUS plus?<\/a><\/li><li><a data-post-type=\"post\" class=\"link-post\" href=\"https:\/\/taxeon.pl\/wiedza\/czy-zwolnienie-ze-skladek-zus-w-okresie-wakacji-skladkowych-obejmuje-takze-fundusz-pracy\/\" data-id=\"931\">Czy zwolnienie ze sk\u0142adek ZUS w okresie \u201ewakacji sk\u0142adkowych\u201d obejmuje tak\u017ce Fundusz Pracy?<\/a><\/li><li><a data-post-type=\"post\" class=\"link-post\" href=\"https:\/\/taxeon.pl\/wiedza\/dlaczego-wysokosc-skladek-zus-na-pulpicie-taxeon-jest-tak-wysoka-mimo-ze-korzystam-z-ulgi-maly-zus-plus\/\" data-id=\"148\">Dlaczego wysoko\u015b\u0107 sk\u0142adek ZUS na pulpicie Taxeon jest tak wysoka, mimo \u017ce korzystam z ulgi Ma\u0142y ZUS Plus?<\/a><\/li><li><a data-post-type=\"post\" class=\"link-post\" href=\"https:\/\/taxeon.pl\/wiedza\/dochod-do-wyliczenia-skladki-zdrowotnej-jak-ustalic\/\" data-id=\"238\">Doch\u00f3d do wyliczenia sk\u0142adki zdrowotnej &#8211; jak ustali\u0107?<\/a><\/li><li><a data-post-type=\"post\" class=\"link-post\" href=\"https:\/\/taxeon.pl\/wiedza\/dzialalnosc-gospodarcza-i-etat-skladki-zus\/\" data-id=\"886\">Dzia\u0142alno\u015b\u0107 gospodarcza i etat &#8211; sk\u0142adki ZUS<\/a><\/li><li><a data-post-type=\"post\" class=\"link-post\" href=\"https:\/\/taxeon.pl\/wiedza\/jak-liczyc-limit-osob-zgloszonych-do-ubezpieczen-wakacje-od-zus\/\" data-id=\"923\">Jak liczy\u0107 limit os\u00f3b zg\u0142oszonych do ubezpiecze\u0144 &#8211; wakacje od ZUS<\/a><\/li><li><a data-post-type=\"post\" class=\"link-post\" href=\"https:\/\/taxeon.pl\/wiedza\/jak-pobrac-i-wyslac-zus-dra\/\" data-id=\"251\">Jak pobra\u0107 i wys\u0142a\u0107 ZUS DRA?<\/a><\/li><li><a data-post-type=\"post\" class=\"link-post\" href=\"https:\/\/taxeon.pl\/wiedza\/jak-przywrocic-skladki-podpowiadane-w-taxeon-automatycznie\/\" data-id=\"253\">Jak przywr\u00f3ci\u0107 sk\u0142adki podpowiadane w Taxeon automatycznie?<\/a><\/li><li><a data-post-type=\"post\" class=\"link-post\" href=\"https:\/\/taxeon.pl\/wiedza\/jak-rozliczyc-uwzglednic-wakacje-skladkowe-w-rozliczeniu-i-deklaracji-do-zus\/\" data-id=\"916\">Jak rozliczy\u0107 uwzgl\u0119dni\u0107 wakacje sk\u0142adkowe w rozliczeniu i deklaracji do ZUS<\/a><\/li><li><a data-post-type=\"post\" class=\"link-post\" href=\"https:\/\/taxeon.pl\/wiedza\/jak-skladki-zus-sa-rozliczane-w-taxeon\/\" data-id=\"150\">Jak sk\u0142adki ZUS s\u0105 rozliczane w Taxeon?<\/a><\/li><li><a data-post-type=\"post\" class=\"link-post\" href=\"https:\/\/taxeon.pl\/wiedza\/jak-ustawic-ulge-na-start\/\" data-id=\"151\">Jak ustawi\u0107 &#8222;Ulg\u0119 na START&#8221;?<\/a><\/li><li><a data-post-type=\"post\" class=\"link-post\" href=\"https:\/\/taxeon.pl\/wiedza\/jak-wprowadzic-skladki-zus-oplacane-za-zone-meza\/\" data-id=\"146\">Jak wprowadzi\u0107 sk\u0142adki ZUS op\u0142acane za \u017con\u0119\/m\u0119\u017ca?<\/a><\/li><li><a data-post-type=\"post\" class=\"link-post\" href=\"https:\/\/taxeon.pl\/wiedza\/jak-zlozyc-deklaracje-zus-np-zus-dra\/\" data-id=\"142\">Jak z\u0142o\u017cy\u0107 deklaracj\u0119 ZUS (zg\u0142oszeniowe\/ZUS DRA)?<\/a><\/li><li><a data-post-type=\"post\" class=\"link-post\" href=\"https:\/\/taxeon.pl\/wiedza\/jak-zmienic-wysokosc-skladek-zus-w-danym-miesiacu\/\" data-id=\"141\">Jak zmieni\u0107 wysoko\u015b\u0107 sk\u0142adek ZUS w danym miesi\u0105cu?<\/a><\/li><li><a data-post-type=\"post\" class=\"link-post\" href=\"https:\/\/taxeon.pl\/wiedza\/jaki-kod-ubezpieczenia-wskazac-w-zus-dra-gdy-mam-dzialalnosc-i-etat\/\" data-id=\"249\">Jaki kod ubezpieczenia wskaza\u0107 w ZUS DRA gdy mam dzia\u0142alno\u015b\u0107 i etat?<\/a><\/li><li><a data-post-type=\"post\" class=\"link-post\" href=\"https:\/\/taxeon.pl\/wiedza\/jaki-kod-ubezpieczenia-wybrac-podczas-generowania-zus-dra\/\" data-id=\"248\">Jaki kod ubezpieczenia wybra\u0107 podczas generowania ZUS DRA?<\/a><\/li><li><a data-post-type=\"post\" class=\"link-post\" href=\"https:\/\/taxeon.pl\/wiedza\/koniec-okresu-preferencyjnych-skladek-zus-maly-zus-co-teraz\/\" data-id=\"147\">Koniec okresu preferencyjnych sk\u0142adek ZUS (ma\u0142y ZUS) &#8211; co teraz?<\/a><\/li><li><a data-post-type=\"post\" class=\"link-post\" href=\"https:\/\/taxeon.pl\/wiedza\/koniec-ulgi-na-start-rejestracja-do-zus-preferencyjnego\/\" data-id=\"273\">Koniec ulgi na start \u2013 rejestracja do ZUS preferencyjnego<\/a><\/li><li><a data-post-type=\"post\" class=\"link-post\" href=\"https:\/\/taxeon.pl\/wiedza\/koniec-zus-preferencyjnych-24-miesiace\/\" data-id=\"272\">Koniec ZUS preferencyjnych (24 miesi\u0105ce)<\/a><\/li><li><a data-post-type=\"post\" class=\"link-post\" href=\"https:\/\/taxeon.pl\/wiedza\/kontynuacja-maly-zus-plus-2023\/\" data-id=\"290\">Kontynuacja Ma\u0142y ZUS Plus 2026<\/a><\/li><li><a data-post-type=\"post\" class=\"link-post\" href=\"https:\/\/taxeon.pl\/wiedza\/maly-zus-plus-dodatkowe-12-miesiecy\/\" data-id=\"303\">Ma\u0142y ZUS Plus &#8211; dodatkowe 12 miesi\u0119cy<\/a><\/li><li><a data-post-type=\"post\" class=\"link-post\" href=\"https:\/\/taxeon.pl\/wiedza\/maly-zus-plus-jak-ustawic-w-taxeon\/\" data-id=\"144\">Ma\u0142y ZUS Plus &#8211; jak ustawi\u0107 w Taxeon?<\/a><\/li><li><a data-post-type=\"post\" class=\"link-post\" href=\"https:\/\/taxeon.pl\/wiedza\/maly-zus-plus-od-stycznia-2023-kto-moze-skorzystac-jak-sie-zglosic\/\" data-id=\"289\">Ma\u0142y ZUS Plus od stycznia 2026 &#8211; kto mo\u017ce skorzysta\u0107? Jak si\u0119 zg\u0142osi\u0107?<\/a><\/li><li><a data-post-type=\"post\" class=\"link-post\" href=\"https:\/\/taxeon.pl\/wiedza\/na-jakie-konto-wplacac-skladki-zus\/\" data-id=\"145\">Na jakie konto wp\u0142aca\u0107 sk\u0142adki ZUS?<\/a><\/li><li><a data-post-type=\"post\" class=\"link-post\" href=\"https:\/\/taxeon.pl\/wiedza\/najwazniejsze-zmiany-w-przepisach-w-2024-r\/\" data-id=\"309\">Najwa\u017cniejsze zmiany w przepisach w 2024 r.<\/a><\/li><li><a data-post-type=\"post\" class=\"link-post\" href=\"https:\/\/taxeon.pl\/wiedza\/nazwa-skrocona-w-zus-dra\/\" data-id=\"255\">Nazwa skr\u00f3cona w ZUS DRA<\/a><\/li><li><a data-post-type=\"post\" class=\"link-post\" href=\"https:\/\/taxeon.pl\/wiedza\/oplacam-inne-skladki-zus-niz-automatycznie-podpowiadane-w-programie\/\" data-id=\"257\">Op\u0142acam inne sk\u0142adki ZUS ni\u017c automatycznie podpowiadane w programie<\/a><\/li><li><a data-post-type=\"post\" class=\"link-post\" href=\"https:\/\/taxeon.pl\/wiedza\/plik-niezgodny-ze-schematem-xml-co-jest-tego-przyczyna\/\" data-id=\"254\">Plik niezgodny ze schematem xml. co jest tego przyczyn\u0105?<\/a><\/li><li><a data-post-type=\"post\" class=\"link-post\" href=\"https:\/\/taxeon.pl\/wiedza\/plik-zus-dra-generuje-sie-w-dziwnym-formacie-nie-jest-to-pdf-co-zrobic\/\" data-id=\"252\">Plik ZUS DRA generuje si\u0119 w &#8222;dziwnym&#8221; formacie (nie jest to pdf.), co zrobi\u0107?<\/a><\/li><li><a data-post-type=\"post\" class=\"link-post\" href=\"https:\/\/taxeon.pl\/wiedza\/podczas-pobranie-pliku-zus-dra-pojawia-sie-komunikat-uszkodzony-plik-co-jest-przyczyna\/\" data-id=\"259\">Podczas pobranie pliku ZUS DRA \u2013 pojawia sie komunikat uszkodzony plik. Co jest przyczyn\u0105?<\/a><\/li><li><a data-post-type=\"post\" class=\"link-post\" href=\"https:\/\/taxeon.pl\/wiedza\/przy-wysylce-zus-dra-pojawia-sie-komunikat-brak-raportu-za-ubezpieczonego-zgloszonego-przez-platnika\/\" data-id=\"258\">Przy wysy\u0142ce ZUS DRA pojawia si\u0119 komunikat: Brak raportu za ubezpieczonego zg\u0142oszonego przez p\u0142atnika<\/a><\/li><li><a data-post-type=\"post\" class=\"link-post\" href=\"https:\/\/taxeon.pl\/wiedza\/pue-zus-konto-na-platformie-zus-obowiazkowe-od-1-stycznia-2023-r\/\" data-id=\"274\">PUE ZUS &#8211; konto na platformie ZUS obowi\u0105zkowe od 1 stycznia 2023 r.<\/a><\/li><li><a data-post-type=\"post\" class=\"link-post\" href=\"https:\/\/taxeon.pl\/wiedza\/rozliczenie-roku-podatek-liniowy-i-zasady-ogolne\/\" data-id=\"285\">Rozliczenie roku &#8211; podatek liniowy i zasady og\u00f3lne<\/a><\/li><li><a data-post-type=\"post\" class=\"link-post\" href=\"https:\/\/taxeon.pl\/wiedza\/rozliczenie-roku-ryczalt-ewidencjonowany\/\" data-id=\"286\">Rozliczenie roku &#8211; rycza\u0142t ewidencjonowany<\/a><\/li><li><a data-post-type=\"post\" class=\"link-post\" href=\"https:\/\/taxeon.pl\/wiedza\/skladka-zdrowotna-jak-jest-wyliczona-zasady-ogolne-podatek-liniowy\/\" data-id=\"264\">Sk\u0142adka zdrowotna &#8211; jak jest wyliczona (zasady og\u00f3lne\/podatek liniowy)?<\/a><\/li><li><a data-post-type=\"post\" class=\"link-post\" href=\"https:\/\/taxeon.pl\/wiedza\/2802-2\/\" data-id=\"287\">Sk\u0142adka zdrowotna na podatku liniowym<\/a><\/li><li><a data-post-type=\"post\" class=\"link-post\" href=\"https:\/\/taxeon.pl\/wiedza\/skladka-zdrowotna-a-sprzedaz-srodka-trwalego\/\" data-id=\"239\">Sk\u0142adka zdrowotna, a sprzeda\u017c \u015brodka trwa\u0142ego do 31.12.2024 r.<\/a><\/li><li><a data-post-type=\"post\" class=\"link-post\" href=\"https:\/\/taxeon.pl\/wiedza\/skladka-zdrowotna-a-zawieszenie-dzialalnosci\/\" data-id=\"242\">Sk\u0142adka zdrowotna, a zawieszenie dzia\u0142alno\u015bci<\/a><\/li><li><a data-post-type=\"post\" class=\"link-post\" href=\"https:\/\/taxeon.pl\/wiedza\/skladka-zus-zdrowotna-w-2022-r-podatek-liniowy\/\" data-id=\"236\">Sk\u0142adka ZUS zdrowotna podatek liniowy<\/a><\/li><li><a data-post-type=\"post\" class=\"link-post\" href=\"https:\/\/taxeon.pl\/wiedza\/skladka-zus-zdrowotna-w-2025-r-ryczalt-ewidencjonowany\/\" data-id=\"1086\">Sk\u0142adka ZUS zdrowotna w 2025 r. \u2013 rycza\u0142t ewidencjonowany<\/a><\/li><li><a data-post-type=\"post\" class=\"link-post\" href=\"https:\/\/taxeon.pl\/wiedza\/skladka-zus-zdrowotna-w-2025-r-podatek-liniowy\/\" data-id=\"1084\">Sk\u0142adka ZUS zdrowotna w 2025 r. podatek liniowy<\/a><\/li><li><a data-post-type=\"post\" class=\"link-post\" href=\"https:\/\/taxeon.pl\/wiedza\/skladka-zus-zdrowotna-w-2025-r-zasady-ogolne\/\" data-id=\"1082\">Sk\u0142adka ZUS zdrowotna w 2025 r. zasady og\u00f3lne<\/a><\/li><li><a data-post-type=\"post\" class=\"link-post\" href=\"https:\/\/taxeon.pl\/wiedza\/skladka-zus-zdrowotna-w-2022-r-zasady-ogolne\/\" data-id=\"235\">Sk\u0142adka ZUS zdrowotna zasady og\u00f3lne<\/a><\/li><li><a data-post-type=\"post\" class=\"link-post\" href=\"https:\/\/taxeon.pl\/wiedza\/skladki-na-ubezpieczenie-spoleczne-jak-wylaczyc-gdy-odprowadzane-sa-z-innego-zrodla\/\" data-id=\"152\">Sk\u0142adki na ubezpieczenie spo\u0142eczne &#8211; jak wy\u0142\u0105czy\u0107, gdy odprowadzane s\u0105 z innego \u017ar\u00f3d\u0142a?<\/a><\/li><li><a data-post-type=\"post\" class=\"link-post\" href=\"https:\/\/taxeon.pl\/wiedza\/skladki-zus-spoleczne-w-kpir-jak-ujac-w-rozliczeniach\/\" data-id=\"474\">Sk\u0142adki ZUS spo\u0142eczne w KPiR \u2013 jak uj\u0105\u0107 w rozliczeniach?<\/a><\/li><li><a data-post-type=\"post\" class=\"link-post\" href=\"https:\/\/taxeon.pl\/wiedza\/sprzedaz-skladnikow-majatku-w-taxeon-od-stycznia-2025\/\" data-id=\"1030\">Sprzeda\u017c sk\u0142adnik\u00f3w maj\u0105tku w Taxeon &#8211; od stycznia 2025<\/a><\/li><li><a data-post-type=\"post\" class=\"link-post\" href=\"https:\/\/taxeon.pl\/wiedza\/sprzedaz-srodkow-trwalych-w-taxeon-zwrot-sprzedanego-skladnika-majatku\/\" data-id=\"1035\">Sprzeda\u017c \u015brodk\u00f3w trwa\u0142ych w Taxeon &#8211; zwrot sprzedanego sk\u0142adnika maj\u0105tku<\/a><\/li><li><a data-post-type=\"post\" class=\"link-post\" href=\"https:\/\/taxeon.pl\/wiedza\/ulga-na-start-ile-trwa-dla-kogo\/\" data-id=\"300\">Ulga na start &#8211; ile trwa, dla kogo? Jak si\u0119 zg\u0142osi\u0107 do ulgi na start?<\/a><\/li><li><a data-post-type=\"post\" class=\"link-post\" href=\"https:\/\/taxeon.pl\/wiedza\/wakacje-od-zus-wakacje-skladkowe-jak-uwzglednic-zwolnienie-w-aplikacji\/\" data-id=\"970\">Wakacje od ZUS (wakacje sk\u0142adkowe) &#8211; jak uwzgl\u0119dni\u0107 zwolnienie w aplikacji<\/a><\/li><li><a data-post-type=\"post\" class=\"link-post\" href=\"https:\/\/taxeon.pl\/wiedza\/wakacje-skladkowe-warunki-skorzystania-z-wakacji-od-zus\/\" data-id=\"906\">Wakacje sk\u0142adkowe &#8211; warunki skorzystania z wakacji od ZUS<\/a><\/li><li><a data-post-type=\"post\" class=\"link-post\" href=\"https:\/\/taxeon.pl\/wiedza\/wakacje-skladkowe-zwolnienie-z-oplacania-skladek-zus\/\" data-id=\"866\">Wakacje sk\u0142adkowe \u2013 zwolnienie z op\u0142acania sk\u0142adek ZUS<\/a><\/li><li><a data-post-type=\"post\" class=\"link-post\" href=\"https:\/\/taxeon.pl\/wiedza\/wniosek-rws-wakacje-od-zus\/\" data-id=\"912\">Wniosek RWS &#8211; wakacje od ZUS<\/a><\/li><li><a data-post-type=\"post\" class=\"link-post\" href=\"https:\/\/taxeon.pl\/wiedza\/wysylka-zus-dra-bledy-kontekstowe\/\" data-id=\"260\">Wysy\u0142ka ZUS DRA- b\u0142\u0119dy kontekstowe<\/a><\/li><li><a data-post-type=\"post\" class=\"link-post\" href=\"https:\/\/taxeon.pl\/wiedza\/zamkniecie-dzialalnosci-a-rozliczenie-roczne-z-zus\/\" data-id=\"296\">Zamkni\u0119cie dzia\u0142alno\u015bci, a rozliczenie roczne z ZUS<\/a><\/li><li><a data-post-type=\"post\" class=\"link-post\" href=\"https:\/\/taxeon.pl\/wiedza\/zawieszenie-dzialalnosci-a-zus-dra\/\" data-id=\"250\">Zawieszenie dzia\u0142alno\u015bci, a ZUS DRA<\/a><\/li><li><a data-post-type=\"post\" class=\"link-post\" href=\"https:\/\/taxeon.pl\/wiedza\/wniosek-o-zwrot-nadplaty-w-zus\/\" data-id=\"295\">ZUS &#8211; wniosek o zwrot nadp\u0142aty sk\u0142adek zdrowotnych<\/a><\/li><li><a data-post-type=\"post\" class=\"link-post\" href=\"https:\/\/taxeon.pl\/wiedza\/zus-dra-za-kwiecien-2023-z-rocznym-rozliczeniem-skladki-zus-zdrowotnej-najczestsze-pytania-uzytkownikow\/\" data-id=\"297\">ZUS DRA za kwiecie\u0144 2023 z rocznym rozliczeniem sk\u0142adki ZUS zdrowotnej &#8211; najcz\u0119stsze pytania U\u017cytkownik\u00f3w<\/a><\/li><li><a data-post-type=\"post\" class=\"link-post\" href=\"https:\/\/taxeon.pl\/wiedza\/zus-dra-blednie-wypelnione-podstawy-lub-kod-tytulu-ubezpieczenia-blok-x-pola-1-5\/\" data-id=\"263\">ZUS DRA- B\u0142\u0119dnie wype\u0142nione podstawy lub kod tytu\u0142u ubezpieczenia (blok X pola 1-5)<\/a><\/li><li><a data-post-type=\"post\" class=\"link-post\" href=\"https:\/\/taxeon.pl\/wiedza\/zus-zipa-co-to-za-plik\/\" data-id=\"256\">ZUS ZIPA co to za plik?<\/a><\/li><li><a data-post-type=\"post\" class=\"link-post\" href=\"https:\/\/taxeon.pl\/wiedza\/zwolnienie-lekarskie-a-dzialalnosc-gospodarcza\/\" data-id=\"153\">Zwolnienie lekarskie a dzia\u0142alno\u015b\u0107 gospodarcza<\/a><\/li><li><a data-post-type=\"post\" class=\"link-post\" href=\"https:\/\/taxeon.pl\/wiedza\/zwolnienie-lekarskie-a-zus-dra\/\" data-id=\"262\">Zwolnienie lekarskie a ZUS DRA<\/a><\/li><li><a data-post-type=\"post\" class=\"link-post\" href=\"https:\/\/taxeon.pl\/wiedza\/zwolnienie-z-oplacania-skladki-zdrowotnej-na-podstawie-art-82-ust-8-9b\/\" data-id=\"270\">Zwolnienie z op\u0142acania sk\u0142adki zdrowotnej na podstawie art. 82 ust. 8-9b<\/a><\/li><\/ul>\n","protected":false},"excerpt":{"rendered":"","protected":false},"author":2,"featured_media":0,"parent":0,"menu_order":0,"comment_status":"closed","ping_status":"closed","template":"","meta":{"_acf_changed":false,"footnotes":""},"class_list":["post-535","page","type-page","status-publish","hentry"],"acf":[],"_links":{"self":[{"href":"https:\/\/taxeon.pl\/wiedza\/wp-json\/wp\/v2\/pages\/535","targetHints":{"allow":["GET"]}}],"collection":[{"href":"https:\/\/taxeon.pl\/wiedza\/wp-json\/wp\/v2\/pages"}],"about":[{"href":"https:\/\/taxeon.pl\/wiedza\/wp-json\/wp\/v2\/types\/page"}],"author":[{"embeddable":true,"href":"https:\/\/taxeon.pl\/wiedza\/wp-json\/wp\/v2\/users\/2"}],"replies":[{"embeddable":true,"href":"https:\/\/taxeon.pl\/wiedza\/wp-json\/wp\/v2\/comments?post=535"}],"version-history":[{"count":1,"href":"https:\/\/taxeon.pl\/wiedza\/wp-json\/wp\/v2\/pages\/535\/revisions"}],"predecessor-version":[{"id":536,"href":"https:\/\/taxeon.pl\/wiedza\/wp-json\/wp\/v2\/pages\/535\/revisions\/536"}],"wp:attachment":[{"href":"https:\/\/taxeon.pl\/wiedza\/wp-json\/wp\/v2\/media?parent=535"}],"curies":[{"name":"wp","href":"https:\/\/api.w.org\/{rel}","templated":true}]}}