{"id":533,"date":"2024-05-15T13:23:32","date_gmt":"2024-05-15T13:23:32","guid":{"rendered":"https:\/\/taxeon.pl\/wiedza\/?page_id=533"},"modified":"2024-05-15T13:23:32","modified_gmt":"2024-05-15T13:23:32","slug":"przychody","status":"publish","type":"page","link":"https:\/\/taxeon.pl\/wiedza\/przychody\/","title":{"rendered":"Przychody"},"content":{"rendered":"\n<ul class=\"list-post-category\"><li><a data-post-type=\"post\" class=\"link-post\" href=\"https:\/\/taxeon.pl\/wiedza\/bledne-dane-formalne-w-fakturze-przychodowej-jak-poprawic\/\" data-id=\"125\">B\u0142\u0119dne dane formalne w fakturze przychodowej &#8211; jak poprawi\u0107?<\/a><\/li><li><a data-post-type=\"post\" class=\"link-post\" href=\"https:\/\/taxeon.pl\/wiedza\/czy-i-jak-moge-wystawic-fakture-do-paragonu\/\" data-id=\"115\">Czy i jak mog\u0119 wystawi\u0107 faktur\u0119 do paragonu?<\/a><\/li><li><a data-post-type=\"post\" class=\"link-post\" href=\"https:\/\/taxeon.pl\/wiedza\/czy-jako-kierowca-uber-moge-rozliczyc-faktury-przychodowe-zbiorczo\/\" data-id=\"162\">Czy jako kierowca UBER mog\u0119 rozliczy\u0107 faktury przychodowe zbiorczo?<\/a><\/li><li><a data-post-type=\"post\" class=\"link-post\" href=\"https:\/\/taxeon.pl\/wiedza\/czy-moge-wystawic-fakture-w-jezyku-angielskim\/\" data-id=\"116\">Czy mog\u0119 wystawi\u0107 faktur\u0119 w j\u0119zyku angielskim?<\/a><\/li><li><a data-post-type=\"post\" class=\"link-post\" href=\"https:\/\/taxeon.pl\/wiedza\/czy-moge-wystawic-fakture-zaliczkowa-jesli-jestem-nievatowcem\/\" data-id=\"119\">Czy mog\u0119 wystawi\u0107 faktur\u0119 zaliczkow\u0105 je\u015bli jestem nieVATowcem?<\/a><\/li><li><a data-post-type=\"post\" class=\"link-post\" href=\"https:\/\/taxeon.pl\/wiedza\/czy-musze-rozliczac-podatek-vat-i-dochodowy-od-nieoplaconej-faktury\/\" data-id=\"136\">Czy musz\u0119 rozlicza\u0107 podatek VAT i dochodowy od nieop\u0142aconej faktury?<\/a><\/li><li><a data-post-type=\"post\" class=\"link-post\" href=\"https:\/\/taxeon.pl\/wiedza\/czy-musze-wykazywac-przychod-osiagniety-w-trakcie-zawieszenia-dzialalnosci\/\" data-id=\"172\">Czy musz\u0119 wykazywa\u0107 przych\u00f3d osi\u0105gni\u0119ty w trakcie zawieszenia dzia\u0142alno\u015bci?<\/a><\/li><li><a data-post-type=\"post\" class=\"link-post\" href=\"https:\/\/taxeon.pl\/wiedza\/czy-na-fakturze-mozna-wprowadzic-inny-adres-odbiorcy\/\" data-id=\"122\">Czy na fakturze mo\u017cna wprowadzi\u0107 inny adres odbiorcy?<\/a><\/li><li><a data-post-type=\"post\" class=\"link-post\" href=\"https:\/\/taxeon.pl\/wiedza\/czy-od-kaucji-za-najem-musze-odprowadzic-podatek\/\" data-id=\"77\">Czy od kaucji za najem musz\u0119 odprowadzi\u0107 podatek?<\/a><\/li><li><a data-post-type=\"post\" class=\"link-post\" href=\"https:\/\/taxeon.pl\/wiedza\/czy-po-przekroczeniu-20-000-zl-obrotu-zawsze-trzeba-korzystac-z-kasy-fiskalnej\/\" data-id=\"17\">Czy po przekroczeniu 20 000 z\u0142 obrotu zawsze trzeba korzysta\u0107 z kasy fiskalnej?<\/a><\/li><li><a data-post-type=\"post\" class=\"link-post\" href=\"https:\/\/taxeon.pl\/wiedza\/czym-jest-dochod-netto\/\" data-id=\"113\">Czym jest &#8222;doch\u00f3d netto&#8221;?<\/a><\/li><li><a data-post-type=\"post\" class=\"link-post\" href=\"https:\/\/taxeon.pl\/wiedza\/data-sprzedazy-a-data-wystawienia-fv\/\" data-id=\"1318\">Data sprzeda\u017cy, a data wystawienia FV<\/a><\/li><li><a data-post-type=\"post\" class=\"link-post\" href=\"https:\/\/taxeon.pl\/wiedza\/jak-ksiegowac-opieke-medyczna-karte-multisport-finansowana-przez-zleceniodawce\/\" data-id=\"129\">Jak ksi\u0119gowa\u0107 opiek\u0119 medyczn\u0105\/kart\u0119 Multisport finansowan\u0105 przez zleceniodawc\u0119?<\/a><\/li><li><a data-post-type=\"post\" class=\"link-post\" href=\"https:\/\/taxeon.pl\/wiedza\/jak-ksiegowac-premie-za-zalozenie-konta-w-banku\/\" data-id=\"133\">Jak ksi\u0119gowa\u0107 premi\u0119 za za\u0142o\u017cenie konta w banku?<\/a><\/li><li><a data-post-type=\"post\" class=\"link-post\" href=\"https:\/\/taxeon.pl\/wiedza\/jak-moge-oznaczac-w-systemie-juz-oplacone-faktury\/\" data-id=\"65\">Jak mog\u0119 oznacza\u0107 w systemie ju\u017c op\u0142acone faktury?<\/a><\/li><li><a data-post-type=\"post\" class=\"link-post\" href=\"https:\/\/taxeon.pl\/wiedza\/jak-moge-poprawic-fakture-z-blednym-nabywca\/\" data-id=\"112\">Jak mog\u0119 poprawi\u0107 faktur\u0119 z b\u0142\u0119dnym nabywc\u0105?<\/a><\/li><li><a data-post-type=\"post\" class=\"link-post\" href=\"https:\/\/taxeon.pl\/wiedza\/jak-moge-wystawic-fakture-zaliczkowa-fakture-koncowa\/\" data-id=\"120\">Jak mog\u0119 wystawi\u0107 faktur\u0119 zaliczkow\u0105\/faktur\u0119 ko\u0144cow\u0105?<\/a><\/li><li><a data-post-type=\"post\" class=\"link-post\" href=\"https:\/\/taxeon.pl\/wiedza\/jak-powinien-wygladac-opis-uslugi-towaru-na-fakturze\/\" data-id=\"130\">Jak powinien wygl\u0105da\u0107 opis us\u0142ugi\/towaru na fakturze?<\/a><\/li><li><a data-post-type=\"post\" class=\"link-post\" href=\"https:\/\/taxeon.pl\/wiedza\/jak-rozrozniac-fakture-wystawiona-do-paragonu-od-faktury-zwyklej\/\" data-id=\"131\">Jak rozr\u00f3\u017cnia\u0107 faktur\u0119 wystawion\u0105 do paragonu od faktury zwyk\u0142ej?<\/a><\/li><li><a data-post-type=\"post\" class=\"link-post\" href=\"https:\/\/taxeon.pl\/wiedza\/jak-skorygowac-fakture-przychodowa-na-0\/\" data-id=\"123\">Jak skorygowa\u0107 faktur\u0119 przychodow\u0105 na &#8222;0&#8221;?<\/a><\/li><li><a data-post-type=\"post\" class=\"link-post\" href=\"https:\/\/taxeon.pl\/wiedza\/jak-wystawic-fakture-jesli-jestem-platnikiem-vat\/\" data-id=\"193\">Jak wystawi\u0107 faktur\u0119 je\u015bli jestem p\u0142atnikiem VAT?<\/a><\/li><li><a data-post-type=\"post\" class=\"link-post\" href=\"https:\/\/taxeon.pl\/wiedza\/jak-wystawic-fakture-jesli-nie-jestem-platnikiem-vat\/\" data-id=\"194\">Jak wystawi\u0107 faktur\u0119 je\u015bli nie jestem p\u0142atnikiem VAT?<\/a><\/li><li><a data-post-type=\"post\" class=\"link-post\" href=\"https:\/\/taxeon.pl\/wiedza\/jak-wystawic-fakture-jesli-rozliczam-sie-ryczaltem-ewidencjonowanym\/\" data-id=\"114\">Jak wystawi\u0107 faktur\u0119 je\u015bli rozliczam si\u0119 rycza\u0142tem ewidencjonowanym?<\/a><\/li><li><a data-post-type=\"post\" class=\"link-post\" href=\"https:\/\/taxeon.pl\/wiedza\/jak-wystawic-fakture-proforma-w-taxeon\/\" data-id=\"121\">Jak wystawi\u0107 faktur\u0119 proforma w Taxeon?<\/a><\/li><li><a data-post-type=\"post\" class=\"link-post\" href=\"https:\/\/taxeon.pl\/wiedza\/jak-wystawic-fakture-w-obcej-walucie\/\" data-id=\"117\">Jak wystawi\u0107 faktur\u0119 w obcej walucie?<\/a><\/li><li><a data-post-type=\"post\" class=\"link-post\" href=\"https:\/\/taxeon.pl\/wiedza\/jak-wystawic-fakture-zagraniczna\/\" data-id=\"118\">Jak wystawi\u0107 faktur\u0119 zagraniczn\u0105?<\/a><\/li><li><a data-post-type=\"post\" class=\"link-post\" href=\"https:\/\/taxeon.pl\/wiedza\/jak-wystawic-korekte-faktury-przychodowej\/\" data-id=\"124\">Jak wystawi\u0107 korekt\u0119 faktury przychodowej?<\/a><\/li><li><a data-post-type=\"post\" class=\"link-post\" href=\"https:\/\/taxeon.pl\/wiedza\/jak-wystawic-note-obciazeniowa\/\" data-id=\"127\">Jak wystawi\u0107 not\u0119 obci\u0105\u017ceniow\u0105?<\/a><\/li><li><a data-post-type=\"post\" class=\"link-post\" href=\"https:\/\/taxeon.pl\/wiedza\/jak-zaksiegowac-fakture-za-terminal-platniczy-pozyskany-w-ramach-akcji-polska-bezgotowkowa\/\" data-id=\"108\">Jak zaksi\u0119gowa\u0107 faktur\u0119 za terminal p\u0142atniczy pozyskany w ramach akcji &#8222;Polska bezgot\u00f3wkowa&#8221;?<\/a><\/li><li><a data-post-type=\"post\" class=\"link-post\" href=\"https:\/\/taxeon.pl\/wiedza\/jaka-jest-zasada-oznaczania-faktur-jako-oryginal-i-kopia\/\" data-id=\"135\">Jaka jest zasada oznaczania faktur jako &#8222;orygina\u0142&#8221; i &#8222;kopia&#8221;?<\/a><\/li><li><a data-post-type=\"post\" class=\"link-post\" href=\"https:\/\/taxeon.pl\/wiedza\/kasa-fiskalna-a-zwrot-lub-reklamacja-towaru\/\" data-id=\"201\">Kasa fiskalna, a zwrot lub reklamacja towaru\/us\u0142ugi<\/a><\/li><li><a data-post-type=\"post\" class=\"link-post\" href=\"https:\/\/taxeon.pl\/wiedza\/kiedy-powstaje-obowiazek-podatkowy\/\" data-id=\"128\">Kiedy powstaje obowi\u0105zek podatkowy?<\/a><\/li><li><a data-post-type=\"post\" class=\"link-post\" href=\"https:\/\/taxeon.pl\/wiedza\/nota-ksiegowa-jak-ja-uwzglednic-w-kpir\/\" data-id=\"126\">Nota ksi\u0119gowa &#8211; jak j\u0105 uwzgl\u0119dni\u0107 w KPiR?<\/a><\/li><li><a data-post-type=\"post\" class=\"link-post\" href=\"https:\/\/taxeon.pl\/wiedza\/obsluga-wielu-rachunkow-kont-bankowych-w-taxeon\/\" data-id=\"137\">Obs\u0142uga dw\u00f3ch kont do rozlicze\u0144 z kontrahentami (rachunek walutowy)<\/a><\/li><li><a data-post-type=\"post\" class=\"link-post\" href=\"https:\/\/taxeon.pl\/wiedza\/pomylona-numeracja-faktur-przychodowych-co-zrobic\/\" data-id=\"132\">Pomylona numeracja faktur przychodowych &#8211; co zrobi\u0107?<\/a><\/li><li><a data-post-type=\"post\" class=\"link-post\" href=\"https:\/\/taxeon.pl\/wiedza\/skladka-zdrowotna-a-sprzedaz-srodka-trwalego\/\" data-id=\"239\">Sk\u0142adka zdrowotna, a sprzeda\u017c \u015brodka trwa\u0142ego do 31.12.2024 r.<\/a><\/li><li><a data-post-type=\"post\" class=\"link-post\" href=\"https:\/\/taxeon.pl\/wiedza\/w-jaki-sposob-ksiegowac-przychod-rejestrowany-na-kasie-fiskalnej\/\" data-id=\"134\">W jaki spos\u00f3b ksi\u0119gowa\u0107 przych\u00f3d rejestrowany na kasie fiskalnej?<\/a><\/li><\/ul>\n","protected":false},"excerpt":{"rendered":"","protected":false},"author":2,"featured_media":0,"parent":0,"menu_order":0,"comment_status":"closed","ping_status":"closed","template":"","meta":{"_acf_changed":false,"footnotes":""},"class_list":["post-533","page","type-page","status-publish","hentry"],"acf":[],"_links":{"self":[{"href":"https:\/\/taxeon.pl\/wiedza\/wp-json\/wp\/v2\/pages\/533","targetHints":{"allow":["GET"]}}],"collection":[{"href":"https:\/\/taxeon.pl\/wiedza\/wp-json\/wp\/v2\/pages"}],"about":[{"href":"https:\/\/taxeon.pl\/wiedza\/wp-json\/wp\/v2\/types\/page"}],"author":[{"embeddable":true,"href":"https:\/\/taxeon.pl\/wiedza\/wp-json\/wp\/v2\/users\/2"}],"replies":[{"embeddable":true,"href":"https:\/\/taxeon.pl\/wiedza\/wp-json\/wp\/v2\/comments?post=533"}],"version-history":[{"count":1,"href":"https:\/\/taxeon.pl\/wiedza\/wp-json\/wp\/v2\/pages\/533\/revisions"}],"predecessor-version":[{"id":534,"href":"https:\/\/taxeon.pl\/wiedza\/wp-json\/wp\/v2\/pages\/533\/revisions\/534"}],"wp:attachment":[{"href":"https:\/\/taxeon.pl\/wiedza\/wp-json\/wp\/v2\/media?parent=533"}],"curies":[{"name":"wp","href":"https:\/\/api.w.org\/{rel}","templated":true}]}}