{"id":531,"date":"2024-05-15T13:23:15","date_gmt":"2024-05-15T13:23:15","guid":{"rendered":"https:\/\/taxeon.pl\/wiedza\/?page_id=531"},"modified":"2024-05-15T13:28:46","modified_gmt":"2024-05-15T13:28:46","slug":"program","status":"publish","type":"page","link":"https:\/\/taxeon.pl\/wiedza\/program\/","title":{"rendered":"Program"},"content":{"rendered":"\n<ul class=\"list-post-category\"><li><a data-post-type=\"post\" class=\"link-post\" href=\"https:\/\/taxeon.pl\/wiedza\/co-oznacza-komunikat-po-terminie\/\" data-id=\"64\">Co oznacza komunikat &#8222;Po terminie&#8221;?<\/a><\/li><li><a data-post-type=\"post\" class=\"link-post\" href=\"https:\/\/taxeon.pl\/wiedza\/czy-moge-wystawic-fakture-w-jezyku-angielskim\/\" data-id=\"116\">Czy mog\u0119 wystawi\u0107 faktur\u0119 w j\u0119zyku angielskim?<\/a><\/li><li><a data-post-type=\"post\" class=\"link-post\" href=\"https:\/\/taxeon.pl\/wiedza\/czy-moje-dane-sa-bezpieczne\/\" data-id=\"70\">Czy moje dane s\u0105 bezpieczne?<\/a><\/li><li><a data-post-type=\"post\" class=\"link-post\" href=\"https:\/\/taxeon.pl\/wiedza\/czy-taxeon-archiwizuje-dane\/\" data-id=\"5\">Czy Taxeon archiwizuje dane?<\/a><\/li><li><a data-post-type=\"post\" class=\"link-post\" href=\"https:\/\/taxeon.pl\/wiedza\/dlaczego-nie-moge-dodac-kolejnego-dokumentu-do-okresu\/\" data-id=\"23\">Dlaczego nie mog\u0119 doda\u0107 kolejnego dokumentu do okresu?<\/a><\/li><li><a data-post-type=\"post\" class=\"link-post\" href=\"https:\/\/taxeon.pl\/wiedza\/jak-ksiegowac-roznice-kursowe\/\" data-id=\"140\">Jak ksi\u0119gowa\u0107 r\u00f3\u017cnice kursowe?<\/a><\/li><li><a data-post-type=\"post\" class=\"link-post\" href=\"https:\/\/taxeon.pl\/wiedza\/jak-moge-zmienic-swoj-login-haslo-do-programu\/\" data-id=\"111\">Jak mog\u0119 zmieni\u0107 sw\u00f3j login\/has\u0142o do programu?<\/a><\/li><li><a data-post-type=\"post\" class=\"link-post\" href=\"https:\/\/taxeon.pl\/wiedza\/jak-poprawic-jakosc-wydruku-logo-na-fakturze\/\" data-id=\"60\">Jak poprawi\u0107 jako\u015b\u0107 wydruku logo na fakturze?<\/a><\/li><li><a data-post-type=\"post\" class=\"link-post\" href=\"https:\/\/taxeon.pl\/wiedza\/jak-usunac-pliki-cookie-ktore-blokuja-poprawne-dzialanie-aplikacji\/\" data-id=\"71\">Jak usun\u0105\u0107 pliki cookie, kt\u00f3re blokuj\u0105 poprawne dzia\u0142anie aplikacji?<\/a><\/li><li><a data-post-type=\"post\" class=\"link-post\" href=\"https:\/\/taxeon.pl\/wiedza\/jak-wyeksportowac-dane-z-taxeon-do-innego-programu\/\" data-id=\"6\">Jak wyeksportowa\u0107 dane z Taxeon do innego programu?<\/a><\/li><li><a data-post-type=\"post\" class=\"link-post\" href=\"https:\/\/taxeon.pl\/wiedza\/jak-wykonac-zamkniecie-roku-w-taxeon\/\" data-id=\"169\">Jak wykona\u0107 zamkni\u0119cie roku w Taxeon?<\/a><\/li><li><a data-post-type=\"post\" class=\"link-post\" href=\"https:\/\/taxeon.pl\/wiedza\/jak-zmienic-forme-opodatkowania\/\" data-id=\"165\">Jak zmieni\u0107 form\u0119 opodatkowania?<\/a><\/li><li><a data-post-type=\"post\" class=\"link-post\" href=\"https:\/\/taxeon.pl\/wiedza\/nie-pamietam-hasla-do-taxeon-co-moge-zrobic\/\" data-id=\"110\">Nie pami\u0119tam has\u0142a do Taxeon &#8211; co mog\u0119 zrobi\u0107?<\/a><\/li><li><a data-post-type=\"post\" class=\"link-post\" href=\"https:\/\/taxeon.pl\/wiedza\/obsluga-wielu-rachunkow-kont-bankowych-w-taxeon\/\" data-id=\"137\">Obs\u0142uga dw\u00f3ch kont do rozlicze\u0144 z kontrahentami (rachunek walutowy)<\/a><\/li><li><a data-post-type=\"post\" class=\"link-post\" href=\"https:\/\/taxeon.pl\/wiedza\/podczas-platnosci-za-abonament-w-t-pay-wystapil-blad-500\/\" data-id=\"75\">Podczas p\u0142atno\u015bci za abonament w T-Pay wyst\u0105pi\u0142 &#8222;b\u0142\u0105d 500&#8221;<\/a><\/li><li><a data-post-type=\"post\" class=\"link-post\" href=\"https:\/\/taxeon.pl\/wiedza\/przeniesienie-rozliczen-do-taxeon-bilans-otwarcia\/\" data-id=\"298\">Przeniesienie rozlicze\u0144 do Taxeon &#8211; bilans otwarcia<\/a><\/li><li><a data-post-type=\"post\" class=\"link-post\" href=\"https:\/\/taxeon.pl\/wiedza\/przeniesienie-rozliczen-do-taxeon-bilans-otwarcia-jdg-zalozone-przed-2023-r\/\" data-id=\"288\">Przeniesienie rozlicze\u0144 do TAXEON &#8211; import danych<\/a><\/li><li><a data-post-type=\"post\" class=\"link-post\" href=\"https:\/\/taxeon.pl\/wiedza\/regulamin-promocji-bonus-na-start-taxeon\/\" data-id=\"1151\">Regulamin promocji &#8222;Bonus na start&#8221; Taxeon<\/a><\/li><li><a data-post-type=\"post\" class=\"link-post\" href=\"https:\/\/taxeon.pl\/wiedza\/skladki-zus-spoleczne-w-kpir-jak-ujac-w-rozliczeniach\/\" data-id=\"474\">Sk\u0142adki ZUS spo\u0142eczne w KPiR \u2013 jak uj\u0105\u0107 w rozliczeniach?<\/a><\/li><li><a data-post-type=\"post\" class=\"link-post\" href=\"https:\/\/taxeon.pl\/wiedza\/sprzedaz-srodkow-trwalych-w-taxeon-zwrot-sprzedanego-skladnika-majatku\/\" data-id=\"1035\">Sprzeda\u017c \u015brodk\u00f3w trwa\u0142ych w Taxeon &#8211; zwrot sprzedanego sk\u0142adnika maj\u0105tku<\/a><\/li><li><a data-post-type=\"post\" class=\"link-post\" href=\"https:\/\/taxeon.pl\/wiedza\/system-polecen-taxeon\/\" data-id=\"268\">System polece\u0144 Taxeon &#8211; do 30.11.2023 r.<\/a><\/li><li><a data-post-type=\"post\" class=\"link-post\" href=\"https:\/\/taxeon.pl\/wiedza\/system-polecen-taxeon-od-01-12-2023-r\/\" data-id=\"308\">System polece\u0144 TAXEON &#8211; od 01.12.2023 r. do 09.01.2025 r.<\/a><\/li><li><a data-post-type=\"post\" class=\"link-post\" href=\"https:\/\/taxeon.pl\/wiedza\/system-polecen-taxeon-od-07-05-2025-r\/\" data-id=\"1093\">System polece\u0144 Taxeon &#8211; od 07.05.2025 r. do 15.06.2025 r.<\/a><\/li><li><a data-post-type=\"post\" class=\"link-post\" href=\"https:\/\/taxeon.pl\/wiedza\/system-polecen-taxeon-od-10-01-2025-r\/\" data-id=\"1026\">System polece\u0144 TAXEON &#8211; od 10.01.2025 r. do 06.05.2025 r.<\/a><\/li><li><a data-post-type=\"post\" class=\"link-post\" href=\"https:\/\/taxeon.pl\/wiedza\/system-polecen-taxeon-od-16-06-2025-r\/\" data-id=\"1149\">System polece\u0144 TAXEON &#8211; od 16.06.2025 r.<\/a><\/li><li><a data-post-type=\"post\" class=\"link-post\" href=\"https:\/\/taxeon.pl\/wiedza\/ustawienia-programu-jak-zaczac\/\" data-id=\"207\">Ustawienia programu &#8211; jak zacz\u0105\u0107?<\/a><\/li><li><a data-post-type=\"post\" class=\"link-post\" href=\"https:\/\/taxeon.pl\/wiedza\/w-jaki-sposob-wyliczany-jest-zysk-widoczny-w-oknie-glownym-programu\/\" data-id=\"139\">W jaki spos\u00f3b wyliczany jest ZYSK widoczny w oknie g\u0142\u00f3wnym programu?<\/a><\/li><li><a data-post-type=\"post\" class=\"link-post\" href=\"https:\/\/taxeon.pl\/wiedza\/zawieszam-dzialalnosc-czy-odnotowuje-to-w-taxeon\/\" data-id=\"175\">Zawieszam dzia\u0142alno\u015b\u0107 &#8211; czy odnotowuj\u0119 to w Taxeon?<\/a><\/li><\/ul>\n","protected":false},"excerpt":{"rendered":"","protected":false},"author":2,"featured_media":0,"parent":0,"menu_order":0,"comment_status":"closed","ping_status":"closed","template":"","meta":{"_acf_changed":false,"footnotes":""},"class_list":["post-531","page","type-page","status-publish","hentry"],"acf":[],"_links":{"self":[{"href":"https:\/\/taxeon.pl\/wiedza\/wp-json\/wp\/v2\/pages\/531","targetHints":{"allow":["GET"]}}],"collection":[{"href":"https:\/\/taxeon.pl\/wiedza\/wp-json\/wp\/v2\/pages"}],"about":[{"href":"https:\/\/taxeon.pl\/wiedza\/wp-json\/wp\/v2\/types\/page"}],"author":[{"embeddable":true,"href":"https:\/\/taxeon.pl\/wiedza\/wp-json\/wp\/v2\/users\/2"}],"replies":[{"embeddable":true,"href":"https:\/\/taxeon.pl\/wiedza\/wp-json\/wp\/v2\/comments?post=531"}],"version-history":[{"count":2,"href":"https:\/\/taxeon.pl\/wiedza\/wp-json\/wp\/v2\/pages\/531\/revisions"}],"predecessor-version":[{"id":540,"href":"https:\/\/taxeon.pl\/wiedza\/wp-json\/wp\/v2\/pages\/531\/revisions\/540"}],"wp:attachment":[{"href":"https:\/\/taxeon.pl\/wiedza\/wp-json\/wp\/v2\/media?parent=531"}],"curies":[{"name":"wp","href":"https:\/\/api.w.org\/{rel}","templated":true}]}}