{"id":527,"date":"2024-05-15T13:22:32","date_gmt":"2024-05-15T13:22:32","guid":{"rendered":"https:\/\/taxeon.pl\/wiedza\/?page_id=527"},"modified":"2024-05-15T13:22:32","modified_gmt":"2024-05-15T13:22:32","slug":"pojazd","status":"publish","type":"page","link":"https:\/\/taxeon.pl\/wiedza\/pojazd\/","title":{"rendered":"Pojazd"},"content":{"rendered":"\n<ul class=\"list-post-category\"><li><a data-post-type=\"post\" class=\"link-post\" href=\"https:\/\/taxeon.pl\/wiedza\/co-zaliczamy-do-wydatkow-eksploatacyjnych-pojazdu\/\" data-id=\"213\">Co zaliczamy do wydatk\u00f3w eksploatacyjnych pojazdu?<\/a><\/li><li><a data-post-type=\"post\" class=\"link-post\" href=\"https:\/\/taxeon.pl\/wiedza\/czy-moge-wycofac-auto-z-majatku-firmy-na-cele-prywatne\/\" data-id=\"107\">Czy mog\u0119 wycofa\u0107 auto z maj\u0105tku firmy na cele prywatne?<\/a><\/li><li><a data-post-type=\"post\" class=\"link-post\" href=\"https:\/\/taxeon.pl\/wiedza\/czy-sprzedaz-samochodu-musze-oznaczac-kodem-gtu07-jesli-z-niego-nie-korzystam\/\" data-id=\"79\">Czy sprzeda\u017c samochodu musz\u0119 oznacza\u0107 kodem GTU07, je\u015bli z niego nie korzystam?<\/a><\/li><li><a data-post-type=\"post\" class=\"link-post\" href=\"https:\/\/taxeon.pl\/wiedza\/czy-ubezpieczenie-oc-ac-podnosi-wartosc-poczatkowa-pojazdu\/\" data-id=\"105\">Czy ubezpieczenie OC\/AC podnosi warto\u015b\u0107 pocz\u0105tkow\u0105 pojazdu?<\/a><\/li><li><a data-post-type=\"post\" class=\"link-post\" href=\"https:\/\/taxeon.pl\/wiedza\/czy-ubezpieczenie-pojazdu-moge-zaksiegowac-bez-faktury\/\" data-id=\"103\">Czy ubezpieczenie pojazdu mog\u0119 zaksi\u0119gowa\u0107 bez faktury?<\/a><\/li><li><a data-post-type=\"post\" class=\"link-post\" href=\"https:\/\/taxeon.pl\/wiedza\/jak-dodac-pojazd-jako-srodek-trwaly-z-50-odliczeniem-vat\/\" data-id=\"95\">Jak doda\u0107 pojazd jako \u015brodek trwa\u0142y z 50% odliczeniem VAT?<\/a><\/li><li><a data-post-type=\"post\" class=\"link-post\" href=\"https:\/\/taxeon.pl\/wiedza\/jak-ksiegowac-faktury-leasingowe-na-zakup-samochodu\/\" data-id=\"96\">Jak ksi\u0119gowa\u0107 faktury leasingowe na zakup samochodu?<\/a><\/li><li><a data-post-type=\"post\" class=\"link-post\" href=\"https:\/\/taxeon.pl\/wiedza\/jak-mozna-amortyzowac-pojazd-uzywany\/\" data-id=\"93\">Jak mog\u0119 amortyzowa\u0107 pojazd u\u017cywany?<\/a><\/li><li><a data-post-type=\"post\" class=\"link-post\" href=\"https:\/\/taxeon.pl\/wiedza\/jak-rozliczac-koszty-wynajetego-pojazdu\/\" data-id=\"98\">Jak rozlicza\u0107 koszty wynaj\u0119tego pojazdu?<\/a><\/li><li><a data-post-type=\"post\" class=\"link-post\" href=\"https:\/\/taxeon.pl\/wiedza\/jak-rozliczac-ubezpieczenie-pojazdu-oc-ac-nnw-gap-assistance\/\" data-id=\"102\">Jak rozlicza\u0107 ubezpieczenie pojazdu &#8211; OC, AC, NNW, GAP, Assistance?<\/a><\/li><li><a data-post-type=\"post\" class=\"link-post\" href=\"https:\/\/taxeon.pl\/wiedza\/jak-rozliczyc-50-podatku-vat-za-naprawe-pojazdu-pokryta-przez-przedsiebiorce\/\" data-id=\"97\">Jak rozliczy\u0107 50% podatku VAT za napraw\u0119 pojazdu pokryt\u0105 przez przedsi\u0119biorc\u0119?<\/a><\/li><li><a data-post-type=\"post\" class=\"link-post\" href=\"https:\/\/taxeon.pl\/wiedza\/jak-rozliczyc-prywatny-samochod-meza-zony-wykorzystywany-w-dzialalnosci\/\" data-id=\"100\">Jak rozliczy\u0107 prywatny samoch\u00f3d wykorzystywany w dzia\u0142alno\u015bci?<\/a><\/li><li><a data-post-type=\"post\" class=\"link-post\" href=\"https:\/\/taxeon.pl\/wiedza\/jak-rozliczyc-sprzedaz-niezamortyzowanego-pojazdu\/\" data-id=\"101\">Jak rozliczy\u0107 sprzeda\u017c niezamortyzowanego pojazdu?<\/a><\/li><li><a data-post-type=\"post\" class=\"link-post\" href=\"https:\/\/taxeon.pl\/wiedza\/jak-wprowadzic-do-systemu-i-rozliczac-samochod-ciezarowy\/\" data-id=\"99\">Jak wprowadzi\u0107 do systemu i rozlicza\u0107 samoch\u00f3d ci\u0119\u017carowy?<\/a><\/li><li><a data-post-type=\"post\" class=\"link-post\" href=\"https:\/\/taxeon.pl\/wiedza\/jak-zaksiegowac-oplate-za-autostrade\/\" data-id=\"94\">Jak zaksi\u0119gowa\u0107 op\u0142at\u0119 za autostrad\u0119?<\/a><\/li><li><a data-post-type=\"post\" class=\"link-post\" href=\"https:\/\/taxeon.pl\/wiedza\/koszty-ubezpieczenia-eksploatacji-pojazdu-wykorzystywanego-w-dzialalnosci-i-poza-nia\/\" data-id=\"215\">Koszty ubezpieczenia, eksploatacji pojazdu wykorzystywanego w dzia\u0142alno\u015bci i poza ni\u0105.<\/a><\/li><li><a data-post-type=\"post\" class=\"link-post\" href=\"https:\/\/taxeon.pl\/wiedza\/leasing-operacyjny-czy-kredyt\/\" data-id=\"211\">Leasing operacyjny czy kredyt?<\/a><\/li><li><a data-post-type=\"post\" class=\"link-post\" href=\"https:\/\/taxeon.pl\/wiedza\/odliczenie-50-vat-u-ryczaltowca-pojazd-wykorzystywany-w-dzialalnosci-i-poza-nia\/\" data-id=\"292\">Odliczenie 50% VAT u rycza\u0142towca &#8211; pojazd wykorzystywany w dzia\u0142alno\u015bci i poza ni\u0105<\/a><\/li><li><a data-post-type=\"post\" class=\"link-post\" href=\"https:\/\/taxeon.pl\/wiedza\/samochod-w-leasingu-operacyjnym-wykorzystywany-w-dzialalnosci-i-poza-nia-proporcja-od-2026-r\/\" data-id=\"1280\">Samoch\u00f3d w leasingu operacyjnym wykorzystywany w dzia\u0142alno\u015bci i poza ni\u0105 &#8211; proporcja od 2026 r.<\/a><\/li><li><a data-post-type=\"post\" class=\"link-post\" href=\"https:\/\/taxeon.pl\/wiedza\/samochod-w-leasingu-operacyjnym-wykorzystywany-w-dzialalnosci-i-poza-nia-o-wartosci-powyzej-150-000-zl-jak-go-rozliczyc\/\" data-id=\"205\">Samoch\u00f3d w leasingu operacyjnym wykorzystywany w dzia\u0142alno\u015bci i poza ni\u0105 o warto\u015bci powy\u017cej 150 000 z\u0142, jak go rozliczy\u0107?<\/a><\/li><li><a data-post-type=\"post\" class=\"link-post\" href=\"https:\/\/taxeon.pl\/wiedza\/skladka-zdrowotna-a-sprzedaz-srodka-trwalego\/\" data-id=\"239\">Sk\u0142adka zdrowotna, a sprzeda\u017c \u015brodka trwa\u0142ego do 31.12.2024 r.<\/a><\/li><li><a data-post-type=\"post\" class=\"link-post\" href=\"https:\/\/taxeon.pl\/wiedza\/ubezpieczenie-samochodu-osobowego-ktorego-wlascicielem-jest-osoba-fizyczna-wlasciciel-firmy-srodek-trwaly-lub-pojazd-prywatny\/\" data-id=\"214\">Ubezpieczenie samochodu osobowego, kt\u00f3rego w\u0142a\u015bcicielem jest osoba fizyczna &#8211; w\u0142a\u015bciciel firmy (\u015brodek trwa\u0142y lub pojazd prywatny)<\/a><\/li><li><a data-post-type=\"post\" class=\"link-post\" href=\"https:\/\/taxeon.pl\/wiedza\/w-jaki-sposob-ubezpieczenie-pojazdu-uwzgledniac-w-kosztach-uzyskania-przychodu\/\" data-id=\"104\">W jaki spos\u00f3b ubezpieczenie pojazdu uwzgl\u0119dnia\u0107 w kosztach uzyskania przychodu?<\/a><\/li><li><a data-post-type=\"post\" class=\"link-post\" href=\"https:\/\/taxeon.pl\/wiedza\/wspolwlasnosc-pojazdu-jak-wprowadzic-do-systemu\/\" data-id=\"106\">Wsp\u00f3\u0142w\u0142asno\u015b\u0107 pojazdu &#8211; jak wprowadzi\u0107 do systemu?<\/a><\/li><\/ul>\n","protected":false},"excerpt":{"rendered":"","protected":false},"author":2,"featured_media":0,"parent":0,"menu_order":0,"comment_status":"closed","ping_status":"closed","template":"","meta":{"_acf_changed":false,"footnotes":""},"class_list":["post-527","page","type-page","status-publish","hentry"],"acf":[],"_links":{"self":[{"href":"https:\/\/taxeon.pl\/wiedza\/wp-json\/wp\/v2\/pages\/527","targetHints":{"allow":["GET"]}}],"collection":[{"href":"https:\/\/taxeon.pl\/wiedza\/wp-json\/wp\/v2\/pages"}],"about":[{"href":"https:\/\/taxeon.pl\/wiedza\/wp-json\/wp\/v2\/types\/page"}],"author":[{"embeddable":true,"href":"https:\/\/taxeon.pl\/wiedza\/wp-json\/wp\/v2\/users\/2"}],"replies":[{"embeddable":true,"href":"https:\/\/taxeon.pl\/wiedza\/wp-json\/wp\/v2\/comments?post=527"}],"version-history":[{"count":1,"href":"https:\/\/taxeon.pl\/wiedza\/wp-json\/wp\/v2\/pages\/527\/revisions"}],"predecessor-version":[{"id":528,"href":"https:\/\/taxeon.pl\/wiedza\/wp-json\/wp\/v2\/pages\/527\/revisions\/528"}],"wp:attachment":[{"href":"https:\/\/taxeon.pl\/wiedza\/wp-json\/wp\/v2\/media?parent=527"}],"curies":[{"name":"wp","href":"https:\/\/api.w.org\/{rel}","templated":true}]}}