{"id":523,"date":"2024-05-15T13:21:03","date_gmt":"2024-05-15T13:21:03","guid":{"rendered":"https:\/\/taxeon.pl\/wiedza\/?page_id=523"},"modified":"2024-05-15T13:21:03","modified_gmt":"2024-05-15T13:21:03","slug":"podatek-dochodowy","status":"publish","type":"page","link":"https:\/\/taxeon.pl\/wiedza\/podatek-dochodowy\/","title":{"rendered":"Podatek dochodowy"},"content":{"rendered":"\n<ul class=\"list-post-category\"><li><a data-post-type=\"post\" class=\"link-post\" href=\"https:\/\/taxeon.pl\/wiedza\/czy-i-jak-moge-odliczyc-kwote-wolna-od-podatku\/\" data-id=\"78\">Czy i jak mog\u0119 odliczy\u0107 kwot\u0119 woln\u0105 od podatku?<\/a><\/li><li><a data-post-type=\"post\" class=\"link-post\" href=\"https:\/\/taxeon.pl\/wiedza\/czy-musze-skladac-dwa-pit-y-i-rozliczac-sie-z-dwoma-urzedami-skarbowymi-jesli-w-trakcie-roku-zmienilem-miejsce-zamieszkania-i-rozpoczalem-tam-nowa-dzialalnosc\/\" data-id=\"163\">Czy musz\u0119 sk\u0142ada\u0107 dwa PIT-y i rozlicza\u0107 si\u0119 z dwoma Urz\u0119dami Skarbowymi, je\u015bli w trakcie roku zmieni\u0142em miejsce zamieszkania i rozpocz\u0105\u0142em tam now\u0105 dzia\u0142alno\u015b\u0107?<\/a><\/li><li><a data-post-type=\"post\" class=\"link-post\" href=\"https:\/\/taxeon.pl\/wiedza\/czy-strate-z-lat-ubieglych-moge-rozliczyc-w-kolejnym-roku\/\" data-id=\"155\">Czy strat\u0119 z lat ubieg\u0142ych mog\u0119 rozliczy\u0107 w kolejnym roku?<\/a><\/li><li><a data-post-type=\"post\" class=\"link-post\" href=\"https:\/\/taxeon.pl\/wiedza\/dlaczego-podatek-dochodowy-wynosi-0-slow-zero\/\" data-id=\"76\">Dlaczego podatek dochodowy wynosi 0 (s\u0142ow. zero)?<\/a><\/li><li><a data-post-type=\"post\" class=\"link-post\" href=\"https:\/\/taxeon.pl\/wiedza\/do-kiedy-musze-wykonac-rozliczenie-roczne-i-zlozyc-pit\/\" data-id=\"170\">Do kiedy musz\u0119 wykona\u0107 rozliczenie roczne i z\u0142o\u017cy\u0107 PIT?<\/a><\/li><li><a data-post-type=\"post\" class=\"link-post\" href=\"https:\/\/taxeon.pl\/wiedza\/jak-jest-wyliczana-zaliczka-na-podatek-dochodowy-podatek-liniowy\/\" data-id=\"202\">Jak jest wyliczana zaliczka na podatek dochodowy \u2013 podatek liniowy?<\/a><\/li><li><a data-post-type=\"post\" class=\"link-post\" href=\"https:\/\/taxeon.pl\/wiedza\/jak-jest-wyliczana-zaliczka-na-podatek-dochodowy-zasady-ogolne\/\" data-id=\"200\">Jak jest wyliczana zaliczka na podatek dochodowy \u2013 zasady og\u00f3lne?<\/a><\/li><li><a data-post-type=\"post\" class=\"link-post\" href=\"https:\/\/taxeon.pl\/wiedza\/jak-prowadzic-rozliczenia-w-oparciu-o-karte-podatkowa\/\" data-id=\"15\">Jak prowadzi\u0107 rozliczenia w oparciu o kart\u0119 podatkow\u0105?<\/a><\/li><li><a data-post-type=\"post\" class=\"link-post\" href=\"https:\/\/taxeon.pl\/wiedza\/jaka-stawka-ryczaltu-dla-lekarza-na-kontrakcie\/\" data-id=\"223\">Jaka stawka rycza\u0142tu dla lekarza na kontrakcie?<\/a><\/li><li><a data-post-type=\"post\" class=\"link-post\" href=\"https:\/\/taxeon.pl\/wiedza\/kiedy-nalezy-sporzadzic-spis-z-natury\/\" data-id=\"154\">Kiedy nale\u017cy sporz\u0105dzi\u0107 spis z natury?<\/a><\/li><li><a data-post-type=\"post\" class=\"link-post\" href=\"https:\/\/taxeon.pl\/wiedza\/podatek-dochodowy-formy-opodatkowania\/\" data-id=\"197\">Podatek dochodowy &#8211; formy opodatkowania<\/a><\/li><li><a data-post-type=\"post\" class=\"link-post\" href=\"https:\/\/taxeon.pl\/wiedza\/rozliczenie-roku-podatek-liniowy-i-zasady-ogolne\/\" data-id=\"285\">Rozliczenie roku &#8211; podatek liniowy i zasady og\u00f3lne<\/a><\/li><li><a data-post-type=\"post\" class=\"link-post\" href=\"https:\/\/taxeon.pl\/wiedza\/rozliczenie-roku-ryczalt-ewidencjonowany\/\" data-id=\"286\">Rozliczenie roku &#8211; rycza\u0142t ewidencjonowany<\/a><\/li><li><a data-post-type=\"post\" class=\"link-post\" href=\"https:\/\/taxeon.pl\/wiedza\/ulga-zerowy-pit-dla-seniorow-polski-lad\/\" data-id=\"233\">Ulga \u201ezerowy\u201d PIT dla senior\u00f3w<\/a><\/li><li><a data-post-type=\"post\" class=\"link-post\" href=\"https:\/\/taxeon.pl\/wiedza\/ulga-dla-rodzin-4-polski-lad\/\" data-id=\"232\">Ulga dla rodzin 4+<\/a><\/li><li><a data-post-type=\"post\" class=\"link-post\" href=\"https:\/\/taxeon.pl\/wiedza\/ulga-na-powrot-polski-lad\/\" data-id=\"231\">Ulga na powr\u00f3t<\/a><\/li><\/ul>\n","protected":false},"excerpt":{"rendered":"","protected":false},"author":2,"featured_media":0,"parent":0,"menu_order":0,"comment_status":"closed","ping_status":"closed","template":"","meta":{"_acf_changed":false,"footnotes":""},"class_list":["post-523","page","type-page","status-publish","hentry"],"acf":[],"_links":{"self":[{"href":"https:\/\/taxeon.pl\/wiedza\/wp-json\/wp\/v2\/pages\/523","targetHints":{"allow":["GET"]}}],"collection":[{"href":"https:\/\/taxeon.pl\/wiedza\/wp-json\/wp\/v2\/pages"}],"about":[{"href":"https:\/\/taxeon.pl\/wiedza\/wp-json\/wp\/v2\/types\/page"}],"author":[{"embeddable":true,"href":"https:\/\/taxeon.pl\/wiedza\/wp-json\/wp\/v2\/users\/2"}],"replies":[{"embeddable":true,"href":"https:\/\/taxeon.pl\/wiedza\/wp-json\/wp\/v2\/comments?post=523"}],"version-history":[{"count":1,"href":"https:\/\/taxeon.pl\/wiedza\/wp-json\/wp\/v2\/pages\/523\/revisions"}],"predecessor-version":[{"id":524,"href":"https:\/\/taxeon.pl\/wiedza\/wp-json\/wp\/v2\/pages\/523\/revisions\/524"}],"wp:attachment":[{"href":"https:\/\/taxeon.pl\/wiedza\/wp-json\/wp\/v2\/media?parent=523"}],"curies":[{"name":"wp","href":"https:\/\/api.w.org\/{rel}","templated":true}]}}