{"id":521,"date":"2024-05-15T13:20:41","date_gmt":"2024-05-15T13:20:41","guid":{"rendered":"https:\/\/taxeon.pl\/wiedza\/?page_id=521"},"modified":"2024-05-15T13:20:41","modified_gmt":"2024-05-15T13:20:41","slug":"platnosci","status":"publish","type":"page","link":"https:\/\/taxeon.pl\/wiedza\/platnosci\/","title":{"rendered":"P\u0142atno\u015bci"},"content":{"rendered":"\n<ul class=\"list-post-category\"><li><a data-post-type=\"post\" class=\"link-post\" href=\"https:\/\/taxeon.pl\/wiedza\/czy-w-czasie-zawieszenia-dzialalnosci-musze-oplacac-abonament-taxeon\/\" data-id=\"173\">Czy w czasie zawieszenia dzia\u0142alno\u015bci musz\u0119 op\u0142aca\u0107 abonament Taxeon?<\/a><\/li><li><a data-post-type=\"post\" class=\"link-post\" href=\"https:\/\/taxeon.pl\/wiedza\/1091-2\/\" data-id=\"72\">Dlaczego m\u00f3j abonament jest nieaktywny, chocia\u017c ju\u017c go op\u0142aci\u0142am\/op\u0142aci\u0142em?<\/a><\/li><li><a data-post-type=\"post\" class=\"link-post\" href=\"https:\/\/taxeon.pl\/wiedza\/gdzie-znajde-fakture-za-oplacony-abonament-taxeon\/\" data-id=\"187\">Gdzie znajd\u0119 faktur\u0119 za op\u0142acony abonament Taxeon?<\/a><\/li><li><a data-post-type=\"post\" class=\"link-post\" href=\"https:\/\/taxeon.pl\/wiedza\/jak-oplacic-abonament-taxeon\/\" data-id=\"73\">Jak op\u0142aci\u0107 abonament Taxeon?<\/a><\/li><li><a data-post-type=\"post\" class=\"link-post\" href=\"https:\/\/taxeon.pl\/wiedza\/jaki-jest-koszt-korzystania-z-taxeon\/\" data-id=\"74\">Jaki jest koszt korzystania z Taxeon?<\/a><\/li><li><a data-post-type=\"post\" class=\"link-post\" href=\"https:\/\/taxeon.pl\/wiedza\/moj-abonament-taxeon-byl-przez-jakis-czas-nieaktywny-jak-naliczana-jest-oplata-za-reaktywacje\/\" data-id=\"174\">M\u00f3j abonament Taxeon by\u0142 przez jaki\u015b czas nieaktywny. Jak naliczana jest op\u0142ata za reaktywacj\u0119?<\/a><\/li><\/ul>\n","protected":false},"excerpt":{"rendered":"","protected":false},"author":2,"featured_media":0,"parent":0,"menu_order":0,"comment_status":"closed","ping_status":"closed","template":"","meta":{"_acf_changed":false,"footnotes":""},"class_list":["post-521","page","type-page","status-publish","hentry"],"acf":[],"_links":{"self":[{"href":"https:\/\/taxeon.pl\/wiedza\/wp-json\/wp\/v2\/pages\/521","targetHints":{"allow":["GET"]}}],"collection":[{"href":"https:\/\/taxeon.pl\/wiedza\/wp-json\/wp\/v2\/pages"}],"about":[{"href":"https:\/\/taxeon.pl\/wiedza\/wp-json\/wp\/v2\/types\/page"}],"author":[{"embeddable":true,"href":"https:\/\/taxeon.pl\/wiedza\/wp-json\/wp\/v2\/users\/2"}],"replies":[{"embeddable":true,"href":"https:\/\/taxeon.pl\/wiedza\/wp-json\/wp\/v2\/comments?post=521"}],"version-history":[{"count":1,"href":"https:\/\/taxeon.pl\/wiedza\/wp-json\/wp\/v2\/pages\/521\/revisions"}],"predecessor-version":[{"id":522,"href":"https:\/\/taxeon.pl\/wiedza\/wp-json\/wp\/v2\/pages\/521\/revisions\/522"}],"wp:attachment":[{"href":"https:\/\/taxeon.pl\/wiedza\/wp-json\/wp\/v2\/media?parent=521"}],"curies":[{"name":"wp","href":"https:\/\/api.w.org\/{rel}","templated":true}]}}