{"id":517,"date":"2024-05-15T13:20:06","date_gmt":"2024-05-15T13:20:06","guid":{"rendered":"https:\/\/taxeon.pl\/wiedza\/?page_id=517"},"modified":"2024-05-15T13:20:06","modified_gmt":"2024-05-15T13:20:06","slug":"majatek-firmy","status":"publish","type":"page","link":"https:\/\/taxeon.pl\/wiedza\/majatek-firmy\/","title":{"rendered":"Maj\u0105tek firmy"},"content":{"rendered":"\n<ul class=\"list-post-category\"><li><a data-post-type=\"post\" class=\"link-post\" href=\"https:\/\/taxeon.pl\/wiedza\/amortyzacja-lokali-budynkow-mieszkalnych-w-2023-r\/\" data-id=\"284\">Amortyzacja lokali\/budynk\u00f3w mieszkalnych od 2023<\/a><\/li><li><a data-post-type=\"post\" class=\"link-post\" href=\"https:\/\/taxeon.pl\/wiedza\/czy-moge-rozliczac-zakupy-dokonane-przed-rozpoczeciem-dzialalnosci\/\" data-id=\"56\">Czy mog\u0119 rozlicza\u0107 zakupy dokonane przed rozpocz\u0119ciem dzia\u0142alno\u015bci?<\/a><\/li><li><a data-post-type=\"post\" class=\"link-post\" href=\"https:\/\/taxeon.pl\/wiedza\/czy-srodki-trwale-zakupione-z-dotacji-mozna-amortyzowac\/\" data-id=\"158\">Czy \u015brodki trwa\u0142e zakupione z dotacji mo\u017cna amortyzowa\u0107?<\/a><\/li><li><a data-post-type=\"post\" class=\"link-post\" href=\"https:\/\/taxeon.pl\/wiedza\/jak-dodac-pojazd-jako-srodek-trwaly-z-50-odliczeniem-vat\/\" data-id=\"95\">Jak doda\u0107 pojazd jako \u015brodek trwa\u0142y z 50% odliczeniem VAT?<\/a><\/li><li><a data-post-type=\"post\" class=\"link-post\" href=\"https:\/\/taxeon.pl\/wiedza\/jak-rozliczac-skladniki-majatku-do-10-000-zl\/\" data-id=\"21\">Jak rozlicza\u0107 sk\u0142adniki maj\u0105tku do 10 000 z\u0142?<\/a><\/li><li><a data-post-type=\"post\" class=\"link-post\" href=\"https:\/\/taxeon.pl\/wiedza\/jak-sporzadzic-oswiadczenie-o-przekazaniu-prywatnego-majatku-na-potrzeby-dzialalnosci-gospodarczej\/\" data-id=\"20\">Jak sporz\u0105dzi\u0107 o\u015bwiadczenie o przekazaniu prywatnego maj\u0105tku na potrzeby dzia\u0142alno\u015bci gospodarczej?<\/a><\/li><li><a data-post-type=\"post\" class=\"link-post\" href=\"https:\/\/taxeon.pl\/wiedza\/jak-wprowadzic-srodek-trwaly\/\" data-id=\"159\">Jak wprowadzi\u0107 \u015brodek trwa\u0142y?<\/a><\/li><li><a data-post-type=\"post\" class=\"link-post\" href=\"https:\/\/taxeon.pl\/wiedza\/jakie-sa-zasady-klasyfikacji-majatku\/\" data-id=\"19\">Jakie s\u0105 zasady klasyfikacji maj\u0105tku?<\/a><\/li><li><a data-post-type=\"post\" class=\"link-post\" href=\"https:\/\/taxeon.pl\/wiedza\/klasyfikacja-srodkow-trwalych-jaki-numer-kst-wybrac\/\" data-id=\"157\">Klasyfikacja \u015arodk\u00f3w Trwa\u0142ych &#8211; Jaki numer K\u015aT wybra\u0107?<\/a><\/li><li><a data-post-type=\"post\" class=\"link-post\" href=\"https:\/\/taxeon.pl\/wiedza\/rozliczanie-zakupow-finansowanych-z-dotacji\/\" data-id=\"156\">Rozliczanie zakup\u00f3w finansowanych z dotacji<\/a><\/li><li><a data-post-type=\"post\" class=\"link-post\" href=\"https:\/\/taxeon.pl\/wiedza\/skladka-zdrowotna-a-sprzedaz-srodka-trwalego\/\" data-id=\"239\">Sk\u0142adka zdrowotna, a sprzeda\u017c \u015brodka trwa\u0142ego do 31.12.2024 r.<\/a><\/li><li><a data-post-type=\"post\" class=\"link-post\" href=\"https:\/\/taxeon.pl\/wiedza\/sprzedaz-skladnikow-majatku-w-taxeon-od-stycznia-2025\/\" data-id=\"1030\">Sprzeda\u017c sk\u0142adnik\u00f3w maj\u0105tku w Taxeon &#8211; od stycznia 2025<\/a><\/li><li><a data-post-type=\"post\" class=\"link-post\" href=\"https:\/\/taxeon.pl\/wiedza\/sprzedaz-srodkow-trwalych-w-taxeon-zwrot-sprzedanego-skladnika-majatku\/\" data-id=\"1035\">Sprzeda\u017c \u015brodk\u00f3w trwa\u0142ych w Taxeon &#8211; zwrot sprzedanego sk\u0142adnika maj\u0105tku<\/a><\/li><li><a data-post-type=\"post\" class=\"link-post\" href=\"https:\/\/taxeon.pl\/wiedza\/zmiana-formy-opodatkowania-na-ryczalt-ewidencjonowany-a-amortyzacja\/\" data-id=\"226\">Zmiana formy opodatkowania na rycza\u0142t ewidencjonowany, a amortyzacja.<\/a><\/li><\/ul>\n","protected":false},"excerpt":{"rendered":"","protected":false},"author":2,"featured_media":0,"parent":0,"menu_order":0,"comment_status":"closed","ping_status":"closed","template":"","meta":{"_acf_changed":false,"footnotes":""},"class_list":["post-517","page","type-page","status-publish","hentry"],"acf":[],"_links":{"self":[{"href":"https:\/\/taxeon.pl\/wiedza\/wp-json\/wp\/v2\/pages\/517","targetHints":{"allow":["GET"]}}],"collection":[{"href":"https:\/\/taxeon.pl\/wiedza\/wp-json\/wp\/v2\/pages"}],"about":[{"href":"https:\/\/taxeon.pl\/wiedza\/wp-json\/wp\/v2\/types\/page"}],"author":[{"embeddable":true,"href":"https:\/\/taxeon.pl\/wiedza\/wp-json\/wp\/v2\/users\/2"}],"replies":[{"embeddable":true,"href":"https:\/\/taxeon.pl\/wiedza\/wp-json\/wp\/v2\/comments?post=517"}],"version-history":[{"count":1,"href":"https:\/\/taxeon.pl\/wiedza\/wp-json\/wp\/v2\/pages\/517\/revisions"}],"predecessor-version":[{"id":518,"href":"https:\/\/taxeon.pl\/wiedza\/wp-json\/wp\/v2\/pages\/517\/revisions\/518"}],"wp:attachment":[{"href":"https:\/\/taxeon.pl\/wiedza\/wp-json\/wp\/v2\/media?parent=517"}],"curies":[{"name":"wp","href":"https:\/\/api.w.org\/{rel}","templated":true}]}}