{"id":513,"date":"2024-05-15T13:19:08","date_gmt":"2024-05-15T13:19:08","guid":{"rendered":"https:\/\/taxeon.pl\/wiedza\/?page_id=513"},"modified":"2024-05-15T13:19:08","modified_gmt":"2024-05-15T13:19:08","slug":"koszty","status":"publish","type":"page","link":"https:\/\/taxeon.pl\/wiedza\/koszty\/","title":{"rendered":"Koszty"},"content":{"rendered":"\n<ul class=\"list-post-category\"><li><a data-post-type=\"post\" class=\"link-post\" href=\"https:\/\/taxeon.pl\/wiedza\/co-lekarz-moze-wrzucic-w-koszty-dzialalnosci\/\" data-id=\"301\">Co lekarz mo\u017ce &#8222;wrzuci\u0107&#8221; w koszty dzia\u0142alno\u015bci?<\/a><\/li><li><a data-post-type=\"post\" class=\"link-post\" href=\"https:\/\/taxeon.pl\/wiedza\/co-moge-wrzucic-w-koszty-firmy\/\" data-id=\"195\">Co mog\u0119 &#8222;wrzuci\u0107&#8221; w koszty firmy?<\/a><\/li><li><a data-post-type=\"post\" class=\"link-post\" href=\"https:\/\/taxeon.pl\/wiedza\/co-programista-moze-wrzucic-w-koszty-dzialalnosci\/\" data-id=\"302\">Co programista mo\u017ce &#8222;wrzuci\u0107&#8221; w koszty dzia\u0142alno\u015bci?<\/a><\/li><li><a data-post-type=\"post\" class=\"link-post\" href=\"https:\/\/taxeon.pl\/wiedza\/co-to-jest-koszt-uzyskania-przychodu\/\" data-id=\"42\">Co to jest &#8222;koszt uzyskania przychodu&#8221;?<\/a><\/li><li><a data-post-type=\"post\" class=\"link-post\" href=\"https:\/\/taxeon.pl\/wiedza\/co-zaliczamy-do-wydatkow-eksploatacyjnych-pojazdu\/\" data-id=\"213\">Co zaliczamy do wydatk\u00f3w eksploatacyjnych pojazdu?<\/a><\/li><li><a data-post-type=\"post\" class=\"link-post\" href=\"https:\/\/taxeon.pl\/wiedza\/czy-bilet-miesieczny-moge-uwzglednic-w-kosztach-dzialalnosci\/\" data-id=\"25\">Czy bilet miesi\u0119czny mog\u0119 uwzgl\u0119dni\u0107 w kosztach dzia\u0142alno\u015bci?<\/a><\/li><li><a data-post-type=\"post\" class=\"link-post\" href=\"https:\/\/taxeon.pl\/wiedza\/czy-jednorazowy-bilet-komunikacji-miejskiej-moge-zaliczyc-do-kosztow-dzialalnosci\/\" data-id=\"26\">Czy jednorazowy bilet komunikacji miejskiej mog\u0119 zaliczy\u0107 do koszt\u00f3w dzia\u0142alno\u015bci?<\/a><\/li><li><a data-post-type=\"post\" class=\"link-post\" href=\"https:\/\/taxeon.pl\/wiedza\/czy-kilka-pozycji-z-faktury-moge-zaliczyc-jako-jeden-wpis-do-kpir\/\" data-id=\"32\">Czy kilka pozycji z faktury mog\u0119 zaliczy\u0107 jako jeden wpis do KPiR?<\/a><\/li><li><a data-post-type=\"post\" class=\"link-post\" href=\"https:\/\/taxeon.pl\/wiedza\/czy-koszt-moge-wprowadzic-tylko-do-rejestru-vat\/\" data-id=\"53\">Czy koszt mog\u0119 wprowadzi\u0107 tylko do rejestru VAT?<\/a><\/li><li><a data-post-type=\"post\" class=\"link-post\" href=\"https:\/\/taxeon.pl\/wiedza\/czy-kredyt-moge-wpisac-w-koszty\/\" data-id=\"39\">Czy kredyt mog\u0119 wpisa\u0107 w koszty?<\/a><\/li><li><a data-post-type=\"post\" class=\"link-post\" href=\"https:\/\/taxeon.pl\/wiedza\/czy-moge-rozliczac-fakture-w-ktorej-nie-ma-nazwy-firmy\/\" data-id=\"30\">Czy mog\u0119 rozlicza\u0107 faktur\u0119, w kt\u00f3rej nie ma nazwy firmy?<\/a><\/li><li><a data-post-type=\"post\" class=\"link-post\" href=\"https:\/\/taxeon.pl\/wiedza\/czy-moge-rozliczac-koszty-transportu\/\" data-id=\"37\">Czy mog\u0119 rozlicza\u0107 koszty transportu?<\/a><\/li><li><a data-post-type=\"post\" class=\"link-post\" href=\"https:\/\/taxeon.pl\/wiedza\/czy-moge-rozliczac-zakupy-dokonane-przed-rozpoczeciem-dzialalnosci\/\" data-id=\"56\">Czy mog\u0119 rozlicza\u0107 zakupy dokonane przed rozpocz\u0119ciem dzia\u0142alno\u015bci?<\/a><\/li><li><a data-post-type=\"post\" class=\"link-post\" href=\"https:\/\/taxeon.pl\/wiedza\/czy-moge-rozliczyc-koszt-bez-faktury\/\" data-id=\"27\">Czy mog\u0119 rozliczy\u0107 koszt bez faktury?<\/a><\/li><li><a data-post-type=\"post\" class=\"link-post\" href=\"https:\/\/taxeon.pl\/wiedza\/czy-moge-w-kosztach-rozliczyc-kawe-herbate-wode-zakupione-na-potrzeby-biura\/\" data-id=\"55\">Czy mog\u0119 w kosztach rozliczy\u0107 kaw\u0119\/herbat\u0119\/wod\u0119 zakupione na potrzeby biura?<\/a><\/li><li><a data-post-type=\"post\" class=\"link-post\" href=\"https:\/\/taxeon.pl\/wiedza\/czy-moge-w-kosztach-rozliczyc-przejazd-taksowka\/\" data-id=\"52\">Czy mog\u0119 w kosztach rozliczy\u0107 przejazd taks\u00f3wk\u0105?<\/a><\/li><li><a data-post-type=\"post\" class=\"link-post\" href=\"https:\/\/taxeon.pl\/wiedza\/czy-paragon-stanowi-podstawe-do-ksiegowania-w-kpir\/\" data-id=\"46\">Czy paragon stanowi podstaw\u0119 do ksi\u0119gowania w KPiR?<\/a><\/li><li><a data-post-type=\"post\" class=\"link-post\" href=\"https:\/\/taxeon.pl\/wiedza\/czy-pobyt-w-hotelu-podlega-odliczeniu-od-vat\/\" data-id=\"44\">Czy pobyt w hotelu podlega odliczeniu od VAT?<\/a><\/li><li><a data-post-type=\"post\" class=\"link-post\" href=\"https:\/\/taxeon.pl\/wiedza\/czy-polise-na-zycie-pakiet-medyczny-moge-uwzglednic-w-kosztach-dzialalnosci\/\" data-id=\"48\">Czy polis\u0119 na \u017cycie\/pakiet medyczny mog\u0119 uwzgl\u0119dni\u0107 w kosztach dzia\u0142alno\u015bci?<\/a><\/li><li><a data-post-type=\"post\" class=\"link-post\" href=\"https:\/\/taxeon.pl\/wiedza\/czy-polise-zawodowa-oc-moge-zaliczyc-do-kosztow-uzyskania-przychodow\/\" data-id=\"43\">Czy polis\u0119 zawodow\u0105 OC mog\u0119 zaliczy\u0107 do koszt\u00f3w uzyskania przychod\u00f3w?<\/a><\/li><li><a data-post-type=\"post\" class=\"link-post\" href=\"https:\/\/taxeon.pl\/wiedza\/czy-w-kosztach-mozna-rozliczac-skladki-czlonkowskie\/\" data-id=\"51\">Czy w kosztach mo\u017cna rozlicza\u0107 sk\u0142adki cz\u0142onkowskie?<\/a><\/li><li><a data-post-type=\"post\" class=\"link-post\" href=\"https:\/\/taxeon.pl\/wiedza\/czy-w-kosztach-mozna-uwzgledniac-zakup-ubrania\/\" data-id=\"58\">Czy w kosztach mo\u017cna uwzgl\u0119dnia\u0107 zakup ubrania?<\/a><\/li><li><a data-post-type=\"post\" class=\"link-post\" href=\"https:\/\/taxeon.pl\/wiedza\/czy-w-taxeon-moge-rozliczac-koszty-zatrudnienia-pracownika\/\" data-id=\"109\">Czy w Taxeon mog\u0119 rozlicza\u0107 koszty zatrudnienia pracownika?<\/a><\/li><li><a data-post-type=\"post\" class=\"link-post\" href=\"https:\/\/taxeon.pl\/wiedza\/czy-w-taxeon-moge-rozliczyc-telefon-zakupiony-na-raty\/\" data-id=\"57\">Czy w Taxeon mog\u0119 rozliczy\u0107 telefon zakupiony na raty?<\/a><\/li><li><a data-post-type=\"post\" class=\"link-post\" href=\"https:\/\/taxeon.pl\/wiedza\/czy-wizyta-w-restauracji-moze-byc-zaliczona-do-kosztow\/\" data-id=\"49\">Czy wizyta w restauracji mo\u017ce by\u0107 zaliczona do koszt\u00f3w?<\/a><\/li><li><a data-post-type=\"post\" class=\"link-post\" href=\"https:\/\/taxeon.pl\/wiedza\/czy-zakup-na-paragon-moge-ujac-w-kosztach\/\" data-id=\"185\">Czy zakup na paragon mog\u0119 uj\u0105\u0107 w kosztach?<\/a><\/li><li><a data-post-type=\"post\" class=\"link-post\" href=\"https:\/\/taxeon.pl\/wiedza\/czym-jest-opis-zdarzenia-gospodarczego\/\" data-id=\"45\">Czym jest opis zdarzenia gospodarczego?<\/a><\/li><li><a data-post-type=\"post\" class=\"link-post\" href=\"https:\/\/taxeon.pl\/wiedza\/deklaracja-vat-9m-import-uslug-jak-przygotowac\/\" data-id=\"206\">Deklaracja VAT 9M (import us\u0142ug) jak przygotowa\u0107?<\/a><\/li><li><a data-post-type=\"post\" class=\"link-post\" href=\"https:\/\/taxeon.pl\/wiedza\/dlaczego-opcja-koszty-jest-dla-mnie-niedostepna\/\" data-id=\"34\">Dlaczego opcja 'KOSZTY&#8217; jest dla mnie niedost\u0119pna?<\/a><\/li><li><a data-post-type=\"post\" class=\"link-post\" href=\"https:\/\/taxeon.pl\/wiedza\/dlaczego-wysokosc-kosztow-rozni-sie-miedzy-oknem-glownym-a-sekcja-koszty\/\" data-id=\"138\">Dlaczego wysoko\u015b\u0107 koszt\u00f3w r\u00f3\u017cni si\u0119 mi\u0119dzy oknem g\u0142\u00f3wnym a sekcj\u0105 KOSZTY?<\/a><\/li><li><a data-post-type=\"post\" class=\"link-post\" href=\"https:\/\/taxeon.pl\/wiedza\/do-czego-sluzy-certyfikat-rezydencji\/\" data-id=\"12\">Do czego s\u0142u\u017cy certyfikat rezydencji?<\/a><\/li><li><a data-post-type=\"post\" class=\"link-post\" href=\"https:\/\/taxeon.pl\/wiedza\/jak-ksiegowac-cesje-wierzytelnosci\/\" data-id=\"28\">Jak ksi\u0119gowa\u0107 cesj\u0119 wierzytelno\u015bci?<\/a><\/li><li><a data-post-type=\"post\" class=\"link-post\" href=\"https:\/\/taxeon.pl\/wiedza\/jak-ksiegowac-faktury-za-przewozy-uber\/\" data-id=\"161\">Jak ksi\u0119gowa\u0107 faktury za przewozy UBER (prowizja)?<\/a><\/li><li><a data-post-type=\"post\" class=\"link-post\" href=\"https:\/\/taxeon.pl\/wiedza\/jak-moge-wykonac-korekte-faktury-kosztowej\/\" data-id=\"33\">Jak mog\u0119 wykona\u0107 korekt\u0119 faktury kosztowej?<\/a><\/li><li><a data-post-type=\"post\" class=\"link-post\" href=\"https:\/\/taxeon.pl\/wiedza\/jak-nalezy-ksiegowac-koszty\/\" data-id=\"40\">Jak nale\u017cy ksi\u0119gowa\u0107 koszty?<\/a><\/li><li><a data-post-type=\"post\" class=\"link-post\" href=\"https:\/\/taxeon.pl\/wiedza\/jak-rozliczac-dzialalnosc-prowadzona-w-mieszkaniu-prywatnym\/\" data-id=\"9\">Jak rozlicza\u0107 dzia\u0142alno\u015b\u0107 prowadzon\u0105 w mieszkaniu prywatnym?<\/a><\/li><li><a data-post-type=\"post\" class=\"link-post\" href=\"https:\/\/taxeon.pl\/wiedza\/jak-rozliczac-faktury-z-google-i-facebooka\/\" data-id=\"11\">Jak rozlicza\u0107 faktury z Google i Facebooka?<\/a><\/li><li><a data-post-type=\"post\" class=\"link-post\" href=\"https:\/\/taxeon.pl\/wiedza\/jak-rozliczac-import-uslug-towarow-w-przypadku-zwolnienia-z-vat\/\" data-id=\"182\">Jak rozlicza\u0107 import us\u0142ug\/towar\u00f3w w przypadku zwolnienia z VAT?<\/a><\/li><li><a data-post-type=\"post\" class=\"link-post\" href=\"https:\/\/taxeon.pl\/wiedza\/jak-rozliczac-koszty-telefonu-komorkowego\/\" data-id=\"36\">Jak rozlicza\u0107 koszty telefonu kom\u00f3rkowego?<\/a><\/li><li><a data-post-type=\"post\" class=\"link-post\" href=\"https:\/\/taxeon.pl\/wiedza\/jak-rozliczac-koszty-uslug-pocztowych\/\" data-id=\"47\">Jak rozlicza\u0107 koszty us\u0142ug pocztowych?<\/a><\/li><li><a data-post-type=\"post\" class=\"link-post\" href=\"https:\/\/taxeon.pl\/wiedza\/jak-rozliczac-skladki-krus\/\" data-id=\"59\">Jak rozlicza\u0107 sk\u0142adki KRUS?<\/a><\/li><li><a data-post-type=\"post\" class=\"link-post\" href=\"https:\/\/taxeon.pl\/wiedza\/jak-rozliczane-sa-koszty-gdy-dzialalnosc-jest-zawieszona\/\" data-id=\"171\">Jak rozliczane s\u0105 koszty gdy dzia\u0142alno\u015b\u0107 jest zawieszona?<\/a><\/li><li><a data-post-type=\"post\" class=\"link-post\" href=\"https:\/\/taxeon.pl\/wiedza\/jak-rozliczyc-delegacje\/\" data-id=\"29\">Jak rozliczy\u0107 delegacj\u0119?<\/a><\/li><li><a data-post-type=\"post\" class=\"link-post\" href=\"https:\/\/taxeon.pl\/wiedza\/jak-rozliczyc-fakture-zaliczkowa-kosztowa\/\" data-id=\"31\">Jak rozliczy\u0107 faktur\u0119 zaliczkow\u0105 kosztow\u0105?<\/a><\/li><li><a data-post-type=\"post\" class=\"link-post\" href=\"https:\/\/taxeon.pl\/wiedza\/jak-rozliczyc-koszty-przesylki-kurierskiej\/\" data-id=\"35\">Jak rozliczy\u0107 koszty przesy\u0142ki kurierskiej?<\/a><\/li><li><a data-post-type=\"post\" class=\"link-post\" href=\"https:\/\/taxeon.pl\/wiedza\/jak-rozliczyc-zakup-kasy-fiskalnej\/\" data-id=\"16\">Jak rozliczy\u0107 zakup kasy fiskalnej?<\/a><\/li><li><a data-post-type=\"post\" class=\"link-post\" href=\"https:\/\/taxeon.pl\/wiedza\/jak-skladki-zus-sa-rozliczane-w-taxeon\/\" data-id=\"150\">Jak sk\u0142adki ZUS s\u0105 rozliczane w Taxeon?<\/a><\/li><li><a data-post-type=\"post\" class=\"link-post\" href=\"https:\/\/taxeon.pl\/wiedza\/jak-uwzglednic-diete-z-delegacji-w-koszcie-uzyskania-przychodu\/\" data-id=\"38\">Jak uwzgl\u0119dni\u0107 diet\u0119 z delegacji w koszcie uzyskania przychodu?<\/a><\/li><li><a data-post-type=\"post\" class=\"link-post\" href=\"https:\/\/taxeon.pl\/wiedza\/jak-uwzglednic-w-kosztach-prognoze-za-gaz-prad\/\" data-id=\"50\">Jak uwzgl\u0119dni\u0107 w kosztach prognoz\u0119 za gaz\/pr\u0105d?<\/a><\/li><li><a data-post-type=\"post\" class=\"link-post\" href=\"https:\/\/taxeon.pl\/wiedza\/jak-wprowadzic-do-systemu-dokument-sad\/\" data-id=\"10\">Jak wprowadzi\u0107 do systemu dokument SAD?<\/a><\/li><li><a data-post-type=\"post\" class=\"link-post\" href=\"https:\/\/taxeon.pl\/wiedza\/jak-wprowadzic-fakture-kosztowa-z-roznymi-stawkami-vat\/\" data-id=\"54\">Jak wprowadzi\u0107 faktur\u0119 kosztow\u0105 z r\u00f3\u017cnymi stawkami VAT?<\/a><\/li><li><a data-post-type=\"post\" class=\"link-post\" href=\"https:\/\/taxeon.pl\/wiedza\/jak-wprowadzic-zakup-oprogramowania-licencji\/\" data-id=\"18\">Jak wprowadzi\u0107 zakup oprogramowania\/licencji?<\/a><\/li><li><a data-post-type=\"post\" class=\"link-post\" href=\"https:\/\/taxeon.pl\/wiedza\/jak-wykazac-zakup-w-ramach-wewnatrzwspolnotowego-nabycia-towarow-wnt\/\" data-id=\"168\">Jak wykaza\u0107 zakup w ramach Wewn\u0105trzwsp\u00f3lnotowego Nabycia Towar\u00f3w (WNT)?<\/a><\/li><li><a data-post-type=\"post\" class=\"link-post\" href=\"https:\/\/taxeon.pl\/wiedza\/jak-wystawic-note-korygujaca-poprawic-dane-na-fakturze-nazwa-nip\/\" data-id=\"41\">Jak wystawi\u0107 not\u0119 koryguj\u0105c\u0105\/poprawi\u0107 dane na fakturze (nazwa, NIP)?<\/a><\/li><li><a data-post-type=\"post\" class=\"link-post\" href=\"https:\/\/taxeon.pl\/wiedza\/jak-zaksiegowac-fakture-za-terminal-platniczy-pozyskany-w-ramach-akcji-polska-bezgotowkowa\/\" data-id=\"108\">Jak zaksi\u0119gowa\u0107 faktur\u0119 za terminal p\u0142atniczy pozyskany w ramach akcji &#8222;Polska bezgot\u00f3wkowa&#8221;?<\/a><\/li><li><a data-post-type=\"post\" class=\"link-post\" href=\"https:\/\/taxeon.pl\/wiedza\/jak-zaksiegowac-koszt-w-juz-rozliczonym-okresie\/\" data-id=\"24\">Jak zaksi\u0119gowa\u0107 koszt w ju\u017c rozliczonym okresie?<\/a><\/li><li><a data-post-type=\"post\" class=\"link-post\" href=\"https:\/\/taxeon.pl\/wiedza\/koszty-jakich-kodow-gtu-uzywac\/\" data-id=\"81\">Koszty &#8211; jakich kod\u00f3w GTU u\u017cywa\u0107?<\/a><\/li><li><a data-post-type=\"post\" class=\"link-post\" href=\"https:\/\/taxeon.pl\/wiedza\/koszty-poniesione-przed-rozpoczeciem-prowadzenia-dzialalnosci\/\" data-id=\"212\">Koszty poniesione przed rozpocz\u0119ciem prowadzenia dzia\u0142alno\u015bci<\/a><\/li><li><a data-post-type=\"post\" class=\"link-post\" href=\"https:\/\/taxeon.pl\/wiedza\/koszty-ubezpieczenia-eksploatacji-pojazdu-wykorzystywanego-w-dzialalnosci-i-poza-nia\/\" data-id=\"215\">Koszty ubezpieczenia, eksploatacji pojazdu wykorzystywanego w dzia\u0142alno\u015bci i poza ni\u0105.<\/a><\/li><li><a data-post-type=\"post\" class=\"link-post\" href=\"https:\/\/taxeon.pl\/wiedza\/jak-ksiegowac-import-uslug\/\" data-id=\"13\">Ksi\u0119gowanie faktur za import us\u0142ug &#8211; czy jest mo\u017cliwe?<\/a><\/li><li><a data-post-type=\"post\" class=\"link-post\" href=\"https:\/\/taxeon.pl\/wiedza\/ksiegowanie-kosztow-w-taxeon-faktura-czy-dowod-wewnetrzny\/\" data-id=\"210\">Ksi\u0119gowanie koszt\u00f3w w Taxeon &#8211; faktura czy dow\u00f3d wewn\u0119trzny<\/a><\/li><li><a data-post-type=\"post\" class=\"link-post\" href=\"https:\/\/taxeon.pl\/wiedza\/ksiegowanie-paragonu-z-nip-faktury-uproszczonej-od-kwoty-brutto\/\" data-id=\"466\">Ksi\u0119gowanie paragonu z NIP (faktury uproszczonej) &#8211; od kwoty brutto<\/a><\/li><li><a data-post-type=\"post\" class=\"link-post\" href=\"https:\/\/taxeon.pl\/wiedza\/odliczenie-50-vat-u-ryczaltowca-pojazd-wykorzystywany-w-dzialalnosci-i-poza-nia\/\" data-id=\"292\">Odliczenie 50% VAT u rycza\u0142towca &#8211; pojazd wykorzystywany w dzia\u0142alno\u015bci i poza ni\u0105<\/a><\/li><li><a data-post-type=\"post\" class=\"link-post\" href=\"https:\/\/taxeon.pl\/wiedza\/okulary-przedsiebiorcy-a-koszt-uzyskania-przychodu\/\" data-id=\"203\">Okulary przedsi\u0119biorcy, a koszt uzyskania przychodu<\/a><\/li><li><a data-post-type=\"post\" class=\"link-post\" href=\"https:\/\/taxeon.pl\/wiedza\/samochod-w-leasingu-operacyjnym-wykorzystywany-w-dzialalnosci-i-poza-nia-o-wartosci-powyzej-150-000-zl-jak-go-rozliczyc\/\" data-id=\"205\">Samoch\u00f3d w leasingu operacyjnym wykorzystywany w dzia\u0142alno\u015bci i poza ni\u0105 o warto\u015bci powy\u017cej 150 000 z\u0142, jak go rozliczy\u0107?<\/a><\/li><li><a data-post-type=\"post\" class=\"link-post\" href=\"https:\/\/taxeon.pl\/wiedza\/skladki-zus-spoleczne-w-kpir-jak-ujac-w-rozliczeniach\/\" data-id=\"474\">Sk\u0142adki ZUS spo\u0142eczne w KPiR \u2013 jak uj\u0105\u0107 w rozliczeniach?<\/a><\/li><li><a data-post-type=\"post\" class=\"link-post\" href=\"https:\/\/taxeon.pl\/wiedza\/ubezpieczenie-samochodu-osobowego-ktorego-wlascicielem-jest-osoba-fizyczna-wlasciciel-firmy-srodek-trwaly-lub-pojazd-prywatny\/\" data-id=\"214\">Ubezpieczenie samochodu osobowego, kt\u00f3rego w\u0142a\u015bcicielem jest osoba fizyczna &#8211; w\u0142a\u015bciciel firmy (\u015brodek trwa\u0142y lub pojazd prywatny)<\/a><\/li><li><a data-post-type=\"post\" class=\"link-post\" href=\"https:\/\/taxeon.pl\/wiedza\/wnt-wewnatrzwspolnotowe-nabycie-towaru-przez-przedsiebiorce-zwolnionego-z-vat\/\" data-id=\"204\">WNT &#8211; wewn\u0105trzwsp\u00f3lnotowe nabycie towaru przez przedsi\u0119biorc\u0119 zwolnionego z VAT<\/a><\/li><\/ul>\n","protected":false},"excerpt":{"rendered":"","protected":false},"author":2,"featured_media":0,"parent":0,"menu_order":0,"comment_status":"closed","ping_status":"closed","template":"","meta":{"_acf_changed":false,"footnotes":""},"class_list":["post-513","page","type-page","status-publish","hentry"],"acf":[],"_links":{"self":[{"href":"https:\/\/taxeon.pl\/wiedza\/wp-json\/wp\/v2\/pages\/513","targetHints":{"allow":["GET"]}}],"collection":[{"href":"https:\/\/taxeon.pl\/wiedza\/wp-json\/wp\/v2\/pages"}],"about":[{"href":"https:\/\/taxeon.pl\/wiedza\/wp-json\/wp\/v2\/types\/page"}],"author":[{"embeddable":true,"href":"https:\/\/taxeon.pl\/wiedza\/wp-json\/wp\/v2\/users\/2"}],"replies":[{"embeddable":true,"href":"https:\/\/taxeon.pl\/wiedza\/wp-json\/wp\/v2\/comments?post=513"}],"version-history":[{"count":1,"href":"https:\/\/taxeon.pl\/wiedza\/wp-json\/wp\/v2\/pages\/513\/revisions"}],"predecessor-version":[{"id":514,"href":"https:\/\/taxeon.pl\/wiedza\/wp-json\/wp\/v2\/pages\/513\/revisions\/514"}],"wp:attachment":[{"href":"https:\/\/taxeon.pl\/wiedza\/wp-json\/wp\/v2\/media?parent=513"}],"curies":[{"name":"wp","href":"https:\/\/api.w.org\/{rel}","templated":true}]}}