{"id":511,"date":"2024-05-15T13:18:43","date_gmt":"2024-05-15T13:18:43","guid":{"rendered":"https:\/\/taxeon.pl\/wiedza\/?page_id=511"},"modified":"2024-05-15T13:18:43","modified_gmt":"2024-05-15T13:18:43","slug":"dla-osob-rozliczajacych-inne-jdg-w-taxeon","status":"publish","type":"page","link":"https:\/\/taxeon.pl\/wiedza\/dla-osob-rozliczajacych-inne-jdg-w-taxeon\/","title":{"rendered":"Dla os\u00f3b rozliczaj\u0105cych inne JDG w Taxeon"},"content":{"rendered":"\n<ul class=\"list-post-category\"><li><a data-post-type=\"post\" class=\"link-post\" href=\"https:\/\/taxeon.pl\/wiedza\/jak-dodac-nowa-firme-do-swojego-konta-ile-firm-moge-dodac\/\" data-id=\"178\">Jak doda\u0107 now\u0105 firm\u0119 do swojego konta? Ile firm mog\u0119 doda\u0107?<\/a><\/li><li><a data-post-type=\"post\" class=\"link-post\" href=\"https:\/\/taxeon.pl\/wiedza\/jak-usunac-dodatkowa-firme-dodana-do-konta\/\" data-id=\"181\">Jak usun\u0105\u0107 dodatkow\u0105 firm\u0119 dodan\u0105 do konta?<\/a><\/li><li><a data-post-type=\"post\" class=\"link-post\" href=\"https:\/\/taxeon.pl\/wiedza\/jaka-jest-wysokosc-abonamentu-za-rozliczanie-kolejnych-firm\/\" data-id=\"179\">Jaka jest wysoko\u015b\u0107 abonamentu za rozliczanie kolejnych firm?<\/a><\/li><\/ul>\n","protected":false},"excerpt":{"rendered":"","protected":false},"author":2,"featured_media":0,"parent":0,"menu_order":0,"comment_status":"closed","ping_status":"closed","template":"","meta":{"_acf_changed":false,"footnotes":""},"class_list":["post-511","page","type-page","status-publish","hentry"],"acf":[],"_links":{"self":[{"href":"https:\/\/taxeon.pl\/wiedza\/wp-json\/wp\/v2\/pages\/511","targetHints":{"allow":["GET"]}}],"collection":[{"href":"https:\/\/taxeon.pl\/wiedza\/wp-json\/wp\/v2\/pages"}],"about":[{"href":"https:\/\/taxeon.pl\/wiedza\/wp-json\/wp\/v2\/types\/page"}],"author":[{"embeddable":true,"href":"https:\/\/taxeon.pl\/wiedza\/wp-json\/wp\/v2\/users\/2"}],"replies":[{"embeddable":true,"href":"https:\/\/taxeon.pl\/wiedza\/wp-json\/wp\/v2\/comments?post=511"}],"version-history":[{"count":1,"href":"https:\/\/taxeon.pl\/wiedza\/wp-json\/wp\/v2\/pages\/511\/revisions"}],"predecessor-version":[{"id":512,"href":"https:\/\/taxeon.pl\/wiedza\/wp-json\/wp\/v2\/pages\/511\/revisions\/512"}],"wp:attachment":[{"href":"https:\/\/taxeon.pl\/wiedza\/wp-json\/wp\/v2\/media?parent=511"}],"curies":[{"name":"wp","href":"https:\/\/api.w.org\/{rel}","templated":true}]}}