{"id":509,"date":"2024-05-15T13:15:41","date_gmt":"2024-05-15T13:15:41","guid":{"rendered":"https:\/\/taxeon.pl\/wiedza\/?page_id=509"},"modified":"2024-05-15T13:15:41","modified_gmt":"2024-05-15T13:15:41","slug":"biuro-rachunkowe-taxeon","status":"publish","type":"page","link":"https:\/\/taxeon.pl\/wiedza\/biuro-rachunkowe-taxeon\/","title":{"rendered":"Biuro Rachunkowe Taxeon"},"content":{"rendered":"\n<ul class=\"list-post-category\"><li><a data-post-type=\"post\" class=\"link-post\" href=\"https:\/\/taxeon.pl\/wiedza\/co-robi-przedsiebiorca-i-jakie-czynnosci-wykonuje-taxeon-swiadczac-taka-usluge\/\" data-id=\"244\">Co robi przedsi\u0119biorca i jakie czynno\u015bci wykonuje Taxeon \u015bwiadcz\u0105c tak\u0105 us\u0142ug\u0119 (jednoosobowa dzia\u0142alno\u015b\u0107)?<\/a><\/li><li><a data-post-type=\"post\" class=\"link-post\" href=\"https:\/\/taxeon.pl\/wiedza\/czy-i-jak-moge-wystawic-fakture-do-paragonu\/\" data-id=\"115\">Czy i jak mog\u0119 wystawi\u0107 faktur\u0119 do paragonu?<\/a><\/li><li><a data-post-type=\"post\" class=\"link-post\" href=\"https:\/\/taxeon.pl\/wiedza\/czy-moge-wystawic-fakture-w-jezyku-angielskim\/\" data-id=\"116\">Czy mog\u0119 wystawi\u0107 faktur\u0119 w j\u0119zyku angielskim?<\/a><\/li><li><a data-post-type=\"post\" class=\"link-post\" href=\"https:\/\/taxeon.pl\/wiedza\/ile-kosztuje-usluga-prowadzenia-rozliczen\/\" data-id=\"245\">Ile kosztuje us\u0142uga prowadzenia rozlicze\u0144?<\/a><\/li><li><a data-post-type=\"post\" class=\"link-post\" href=\"https:\/\/taxeon.pl\/wiedza\/jak-dostarczyc-dokumenty-przychodowe\/\" data-id=\"247\">Jak dostarczy\u0107 dokumenty przychodowe?<\/a><\/li><li><a data-post-type=\"post\" class=\"link-post\" href=\"https:\/\/taxeon.pl\/wiedza\/jak-dostarczyc-nam-dokumenty-kosztowe\/\" data-id=\"246\">Jak dostarczy\u0107 nam dokumenty kosztowe (jednoosobowa dzia\u0142alno\u015b\u0107)?<\/a><\/li><li><a data-post-type=\"post\" class=\"link-post\" href=\"https:\/\/taxeon.pl\/wiedza\/jak-moge-oznaczac-w-systemie-juz-oplacone-faktury\/\" data-id=\"65\">Jak mog\u0119 oznacza\u0107 w systemie ju\u017c op\u0142acone faktury?<\/a><\/li><li><a data-post-type=\"post\" class=\"link-post\" href=\"https:\/\/taxeon.pl\/wiedza\/jak-pobrac-pit-11-z-e-urzedu-skarbowego-poradnik-krok-po-kroku\/\" data-id=\"1276\">Jak pobra\u0107 PIT-11 z e-Urz\u0119du Skarbowego \u2013 poradnik Krok po Kroku<\/a><\/li><li><a data-post-type=\"post\" class=\"link-post\" href=\"https:\/\/taxeon.pl\/wiedza\/jak-skorzystac\/\" data-id=\"243\">Jak skorzysta\u0107 i zleci\u0107 naszej firmie prowadzenie ksi\u0119gowo\u015bci?<\/a><\/li><li><a data-post-type=\"post\" class=\"link-post\" href=\"https:\/\/taxeon.pl\/wiedza\/jak-wystawic-fakture-jesli-jestem-platnikiem-vat\/\" data-id=\"193\">Jak wystawi\u0107 faktur\u0119 je\u015bli jestem p\u0142atnikiem VAT?<\/a><\/li><li><a data-post-type=\"post\" class=\"link-post\" href=\"https:\/\/taxeon.pl\/wiedza\/jak-wystawic-fakture-jesli-nie-jestem-platnikiem-vat\/\" data-id=\"194\">Jak wystawi\u0107 faktur\u0119 je\u015bli nie jestem p\u0142atnikiem VAT?<\/a><\/li><li><a data-post-type=\"post\" class=\"link-post\" href=\"https:\/\/taxeon.pl\/wiedza\/jak-wystawic-fakture-jesli-rozliczam-sie-ryczaltem-ewidencjonowanym\/\" data-id=\"114\">Jak wystawi\u0107 faktur\u0119 je\u015bli rozliczam si\u0119 rycza\u0142tem ewidencjonowanym?<\/a><\/li><li><a data-post-type=\"post\" class=\"link-post\" href=\"https:\/\/taxeon.pl\/wiedza\/jak-wystawic-fakture-proforma-w-taxeon\/\" data-id=\"121\">Jak wystawi\u0107 faktur\u0119 proforma w Taxeon?<\/a><\/li><li><a data-post-type=\"post\" class=\"link-post\" href=\"https:\/\/taxeon.pl\/wiedza\/jak-wystawic-fakture-w-obcej-walucie\/\" data-id=\"117\">Jak wystawi\u0107 faktur\u0119 w obcej walucie?<\/a><\/li><li><a data-post-type=\"post\" class=\"link-post\" href=\"https:\/\/taxeon.pl\/wiedza\/korzystasz-z-uslug-ksiegowych-w-taxeon-sprawdz-o-czym-warto-pamietac\/\" data-id=\"304\">Korzystasz z us\u0142ug ksi\u0119gowych w Taxeon &#8211; sprawd\u017a o czym warto pami\u0119ta\u0107<\/a><\/li><li><a data-post-type=\"post\" class=\"link-post\" href=\"https:\/\/taxeon.pl\/wiedza\/rozliczenie-roczne-pit\/\" data-id=\"276\">Rozliczenie roczne &#8211; PIT<\/a><\/li><li><a data-post-type=\"post\" class=\"link-post\" href=\"https:\/\/taxeon.pl\/wiedza\/spis-z-natury-na-dzien-31-grudnia-2025\/\" data-id=\"1201\">Spis z natury na dzie\u0144 31 grudnia 2025<\/a><\/li><\/ul>\n","protected":false},"excerpt":{"rendered":"","protected":false},"author":2,"featured_media":0,"parent":0,"menu_order":0,"comment_status":"closed","ping_status":"closed","template":"","meta":{"_acf_changed":false,"footnotes":""},"class_list":["post-509","page","type-page","status-publish","hentry"],"acf":[],"_links":{"self":[{"href":"https:\/\/taxeon.pl\/wiedza\/wp-json\/wp\/v2\/pages\/509","targetHints":{"allow":["GET"]}}],"collection":[{"href":"https:\/\/taxeon.pl\/wiedza\/wp-json\/wp\/v2\/pages"}],"about":[{"href":"https:\/\/taxeon.pl\/wiedza\/wp-json\/wp\/v2\/types\/page"}],"author":[{"embeddable":true,"href":"https:\/\/taxeon.pl\/wiedza\/wp-json\/wp\/v2\/users\/2"}],"replies":[{"embeddable":true,"href":"https:\/\/taxeon.pl\/wiedza\/wp-json\/wp\/v2\/comments?post=509"}],"version-history":[{"count":1,"href":"https:\/\/taxeon.pl\/wiedza\/wp-json\/wp\/v2\/pages\/509\/revisions"}],"predecessor-version":[{"id":510,"href":"https:\/\/taxeon.pl\/wiedza\/wp-json\/wp\/v2\/pages\/509\/revisions\/510"}],"wp:attachment":[{"href":"https:\/\/taxeon.pl\/wiedza\/wp-json\/wp\/v2\/media?parent=509"}],"curies":[{"name":"wp","href":"https:\/\/api.w.org\/{rel}","templated":true}]}}